{"id":66,"date":"2024-08-10T14:52:26","date_gmt":"2024-08-10T14:52:26","guid":{"rendered":"https:\/\/seniorenbeirat-stadt-freudenberg.de\/?page_id=66"},"modified":"2026-04-12T07:20:33","modified_gmt":"2026-04-12T07:20:33","slug":"sitzungstermine","status":"publish","type":"page","link":"https:\/\/seniorenbeirat-stadt-freudenberg.de\/?page_id=66","title":{"rendered":"Sitzungstermine"},"content":{"rendered":"\n<p class=\"has-medium-font-size\"><strong>Es bestehen viele M\u00f6glichkeiten uns kennenzulernen<em>.<\/em><\/strong><\/p>\n\n\n\n<p class=\"has-medium-font-size\">Die Termine der <strong>\u00f6ffentlichen Sitzungen,<\/strong> der Veranstaltungen und kulturellen Angebote, der Fachvortr\u00e4ge oder anderer verschiedener Aktivit\u00e4ten werden in &#8220; Freudenberg aktuell &#8220; bekannt gegeben<em>. &nbsp;&nbsp;&nbsp;&nbsp;<\/em><\/p>\n\n\n\n<h2 class=\"wp-block-heading has-medium-font-size\"><strong>Sitzungstermine von 14:00 Uhr bis ca. 16:00 Uhr im Rathaus Freudenberg<\/strong> <strong>Raum 101<\/strong><\/h2>\n\n\n\n<h2 class=\"wp-block-heading has-text-align-left has-medium-font-size\"><strong><mark style=\"background-color:rgba(0, 0, 0, 0)\" class=\"has-inline-color has-black-color\"> <\/mark><\/strong><\/h2>\n\n\n\n<p class=\"has-medium-font-size\"><strong>05.05.2026 Sitzung 14.00 Uhr Raum 200<\/strong><\/p>\n\n\n\n<p class=\"has-medium-font-size\"><strong>02.06.2026 Sitzung 14:00 Uhr Raum 101<\/strong><\/p>\n\n\n\n<p><strong>Sommerpause <\/strong><\/p>\n\n\n\n<p class=\"has-medium-font-size\">&#8212;&#8212;&#8212;&#8212;&#8212;&#8212;&#8212;&#8212;&#8212;&#8212;&#8212;&#8212;&#8212;&#8212;&#8212;&#8212;&#8212;&#8212;&#8212;&#8212;&#8212;&#8212;&#8212;&#8212;&#8212;&#8212;&#8212;&#8212;<\/p>\n\n\n\n<p class=\"has-medium-font-size\"><\/p>\n\n\n\n<div class=\"wp-block-group is-nowrap is-layout-flex wp-container-core-group-is-layout-ad2f72ca wp-block-group-is-layout-flex\">\n<p class=\"has-text-align-center\"><\/p>\n\n\n\n<p><\/p>\n<\/div>\n\n\n\n<p><\/p>\n\n\n\n<p><\/p>\n\n\n\n<p><\/p>\n\n\n\n<p><\/p>\n\n\n\n<p><\/p>\n\n\n\n<p><\/p>\n\n\n\n<p><\/p>\n\n\n\n<p><\/p>\n\n\n\n<p><\/p>\n\n\n\n<p><\/p>\n\n\n\n<p><\/p>\n","protected":false},"excerpt":{"rendered":"<p>Es bestehen viele M\u00f6glichkeiten uns kennenzulernen. Die Termine der \u00f6ffentlichen Sitzungen, der Veranstaltungen und kulturellen Angebote, der Fachvortr\u00e4ge oder anderer verschiedener Aktivit\u00e4ten werden in &#8220; Freudenberg aktuell &#8220; bekannt gegeben. &nbsp;&nbsp;&nbsp;&nbsp; Sitzungstermine von 14:00 Uhr bis ca. 16:00 Uhr im Rathaus Freudenberg Raum 101 05.05.2026&nbsp;&hellip;<\/p>\n","protected":false},"author":1,"featured_media":0,"parent":0,"menu_order":0,"comment_status":"closed","ping_status":"closed","template":"","meta":{"footnotes":""},"class_list":["post-66","page","type-page","status-publish","hentry"],"_links":{"self":[{"href":"https:\/\/seniorenbeirat-stadt-freudenberg.de\/index.php?rest_route=\/wp\/v2\/pages\/66","targetHints":{"allow":["GET"]}}],"collection":[{"href":"https:\/\/seniorenbeirat-stadt-freudenberg.de\/index.php?rest_route=\/wp\/v2\/pages"}],"about":[{"href":"https:\/\/seniorenbeirat-stadt-freudenberg.de\/index.php?rest_route=\/wp\/v2\/types\/page"}],"author":[{"embeddable":true,"href":"https:\/\/seniorenbeirat-stadt-freudenberg.de\/index.php?rest_route=\/wp\/v2\/users\/1"}],"replies":[{"embeddable":true,"href":"https:\/\/seniorenbeirat-stadt-freudenberg.de\/index.php?rest_route=%2Fwp%2Fv2%2Fcomments&post=66"}],"version-history":[{"count":50,"href":"https:\/\/seniorenbeirat-stadt-freudenberg.de\/index.php?rest_route=\/wp\/v2\/pages\/66\/revisions"}],"predecessor-version":[{"id":576,"href":"https:\/\/seniorenbeirat-stadt-freudenberg.de\/index.php?rest_route=\/wp\/v2\/pages\/66\/revisions\/576"}],"wp:attachment":[{"href":"https:\/\/seniorenbeirat-stadt-freudenberg.de\/index.php?rest_route=%2Fwp%2Fv2%2Fmedia&parent=66"}],"curies":[{"name":"wp","href":"https:\/\/api.w.org\/{rel}","templated":true}]}}