{"id":62,"date":"2024-08-10T14:50:07","date_gmt":"2024-08-10T14:50:07","guid":{"rendered":"https:\/\/seniorenbeirat-stadt-freudenberg.de\/?page_id=62"},"modified":"2025-04-01T16:36:42","modified_gmt":"2025-04-01T16:36:42","slug":"satzung-geschaeftsordnung","status":"publish","type":"page","link":"https:\/\/seniorenbeirat-stadt-freudenberg.de\/?page_id=62","title":{"rendered":"Gesch\u00e4ftsordnung\/Satzung"},"content":{"rendered":"\n<h2 class=\"wp-block-heading has-medium-font-size\"><strong>Gesch\u00e4ftsordnung des Seniorenbeirates der Stadt Freudenberg<\/strong><\/h2>\n\n\n\n<p>Der Seniorenbeirat der Stadt Freudenberg, nachfolgend SB genannt, hat in der Sitzung am: 06.02.2024 auf der Grundlage des \u00a7 9 der Satzung des SB folgende Gesch\u00e4ftsordnung beschlossen.<\/p>\n\n\n\n<p><strong>Grundsatzerkl\u00e4rung<\/strong><\/p>\n\n\n\n<p>Der SB versteht sich als gew\u00e4hlte und selbstst\u00e4ndige Vertretung der Seniorinnen und Senioren der Stadt Freudenberg. Er ist dabei auf die Unterst\u00fctzung und Zusammenarbeit mit der Senioren-Service- Stelle und der Verwaltung der Stadt Freudenberg angewiesen. Der SB nimmt die Interessen und Belange der \u00e4lteren Menschen war und entwickelt Ideen und Verbesserungen der Lebensqualit\u00e4t in der Stadt Freudenberg. Er betrachtet sich als Gespr\u00e4chspartner der Stadt und aller Verb\u00e4nde, Vereine und Organisationen, deren Veranstaltungen und Ma\u00dfnahmen \u00e4lterer Mitb\u00fcrgerinnen und Mitb\u00fcrger ber\u00fchren. Er ist Ansprechpartner f\u00fcr die Seniorinnen und Senioren und bem\u00fcht sich um Hilfestellungen. Der SB ist konfessionell ungebunden, verbandsunabh\u00e4ngig und parteipolitisch neutral. Beiratsmitglieder k\u00f6nnen nicht gleichzeitig Stadtverordnete der Stadt Freudenberg sein. Der SB ist Mitglied in der Landesseniorenvertretung NRW.<\/p>\n\n\n\n<p><strong>\u00a7 1 Grunds\u00e4tzliches<\/strong><\/p>\n\n\n\n<ol class=\"wp-block-list\">\n<li>Der SB betrachtet sich als Vertreter der Seniorinnen und Senioren Freudenbergs<\/li>\n\n\n\n<li>Der SB vertritt \u2013 entsprechend seiner Grundsatzerkl\u00e4rung- Belange der Seniorinnen und Senioren gegen\u00fcber dem Rat, der Verwaltung der Stadt Freudenberg und in der \u00d6ffentlichkeit.<\/li>\n\n\n\n<li>Der SB kann Antr\u00e4ge an den Rat der Stadt Freudenberg stellen. Diese werden entsprechend der Gesch\u00e4ftsordnung des Rates behandelt. Der SB soll bei allen die \u00e4ltere Generation betreffenden Fragen geh\u00f6rt und rechtzeitig durch die Stadtverwaltung informiert werden.<\/li>\n\n\n\n<li>Der SB entsendet gem\u00e4\u00df der Hauptsatzung der Stadt Freudenberg je ein beratendes Mitglied in den Ausschuss z.Z: \n<ul class=\"wp-block-list\">\n<li>Stadtentwicklung und Digitalisierung<\/li>\n\n\n\n<li>Bau und Verkehrsausschuss<\/li>\n\n\n\n<li>Bildung, Soziales, Jugend, Familie und Senioren<\/li>\n<\/ul>\n<\/li>\n<\/ol>\n\n\n\n<p><strong>\u00a7 2 Allgemeines<\/strong><\/p>\n\n\n\n<ol class=\"wp-block-list\">\n<li>Der SB tritt so oft zusammen, wie es seine Aufgaben erfordern, mindestens jedoch viermal j\u00e4hrlich. Die Sitzungen sind \u00f6ffentlich.<\/li>\n\n\n\n<li>Der SB w\u00e4hlt aus seinen Reihen, den\/ die Vorsitzende\/n, den\/ die Stellvertreter\/in sowie den\/ die Schriftf\u00fchrer\/in.<\/li>\n\n\n\n<li>Die Sitzungen werden von dem\/ der Vorsitzenden, im Verhinderungsfall von dem \/der Stellvertreter\/in einberufen und geleitet.<\/li>\n\n\n\n<li>Zu einer Sitzung muss unverz\u00fcglich eingeladen werden, wenn mindestens drei stimmberechtigte Mitglieder des SB dieses verlangen. Die Gr\u00fcnde sind mitzuteilen.<\/li>\n\n\n\n<li>Der SB ist beschlussf\u00e4hig, wenn mehr als die H\u00e4lfte der stimmberechtigten Mitglieder anwesend ist.<\/li>\n\n\n\n<li>Mitglieder des SB, die an der Teilnahme der Sitzung verhindert sind, geben diesen Sachverhalt unverz\u00fcglich an den \/die Vorsitzende\/n bekannt.<\/li>\n\n\n\n<li>Zu den Sitzungen des SB k\u00f6nnen Sachverst\u00e4ndige eingeladen werde, die zu bestimmten Themen angeh\u00f6rt werden.<\/li>\n<\/ol>\n\n\n\n<p><strong>\u00a7 3 Einberufung, Tagesordnung<\/strong><\/p>\n\n\n\n<ol class=\"wp-block-list\">\n<li>Der \/ die Vorsitzende l\u00e4dt die stimmberechtigten und stellvertretenden Mitglieder schriftlich unter Mitteilung der Tagesordnung ein. Die Einladungsfrist betr\u00e4gt 10 Tage. In dringenden F\u00e4llen kann die Einladungsfrist bis auf 3 volle Tage verk\u00fcrzt werden. Die Dringlichkeit ist in dieser Einladung zu begr\u00fcnden.<\/li>\n\n\n\n<li>Der \/ die Vorsitzende stellt die Tagesordnung auf. Bei der Aufstellung Tagesordnung sind alle Punkte zu ber\u00fccksichtigen, die von Mitgliedern des SB rechtzeitig vor der Sitzung angemeldet wurden.<\/li>\n\n\n\n<li>In den F\u00e4llen \u00e4u\u00dferster Dringlichkeit kann die Tagesordnung durch Beschluss des SB in der jeweiligen Sitzung erg\u00e4nzt werden.<\/li>\n<\/ol>\n\n\n\n<p><strong>\u00a7 4 Bildung von Arbeitsgruppen<\/strong><\/p>\n\n\n\n<ol class=\"wp-block-list\">\n<li>Zur beratenden Unterst\u00fctzung seiner Arbeit kann der SB-Arbeitsgruppen zu bestimmten Themen bilden.<\/li>\n\n\n\n<li>Die Mitglieder einer Arbeitsgruppe w\u00e4hlen aus ihrer Mitte eine\/n Sprecher \/in.<\/li>\n\n\n\n<li>Sachverst\u00e4ndige, die nicht dem SB angeh\u00f6ren, k\u00f6nnen hinzugezogen werden.<\/li>\n<\/ol>\n\n\n\n<p><strong>\u00a7 5 Verfahren, Niederschrift<\/strong><\/p>\n\n\n\n<ol class=\"wp-block-list\">\n<li>Der SB kann auf Antrag die Beratung \u00fcber einen Tagesordnungspunkt an eine Arbeitsgruppe (vgl. \u00a74) verweisen.<\/li>\n\n\n\n<li>Der SB fasst seine Beschl\u00fcsse mit einfacher Stimmenmehrheit. Bei Stimmengleichheit ist ein Antrag abgelehnt. Es wird in der Regel offen abgestimmt. Auf Antrag eines stimmberechtigten Mitglieds ist geheim abzustimmen.<\/li>\n\n\n\n<li>\u00dcber die Sitzungen des SB sind Niederschriften zu fertigen, die von dem\/der Sitzungsleiter\/in und von dem \/ der Protokollf\u00fchrer\/in zu unterzeichnen sind.<\/li>\n<\/ol>\n\n\n\n<p><strong>\u00a7 6 Zusammenarbeit<\/strong><\/p>\n\n\n\n<ol class=\"wp-block-list\">\n<li>Der\/die Vorsitzende des SB hat Zugang zu allen Einladungen nebst Vorlagen der \u00f6ffentlichen Rats- und Ausschusssitzungen.<\/li>\n\n\n\n<li>Der SB erh\u00e4lt auf Anfrage Unterst\u00fctzung von sachkundigen Vertreter\/innen des Rates, der Verwaltung sowie der Senioren-Service Stelle der Stadt Freudenberg.<\/li>\n\n\n\n<li>Der SB wird in seinem Bestreben, die Bed\u00fcrfnisse und Interessen der \u00e4lteren Mitb\u00fcrger\/innen zu Vertreten von der Stadtverwaltung unterst\u00fctzt.<\/li>\n\n\n\n<li>Der SB kann mit der Landes- und Bundesarbeitsgemeinschaft der Seniorenvertretungen zusammenarbeiten. \u00dcber die Mitarbeit in diesen Gremien bem\u00fcht der SB, die Anliegen der \u00e4lteren Menschen bei der Landes- und Bundesregierung eizubringen.<\/li>\n<\/ol>\n\n\n\n<p><strong>\u00a7 7 Berichterstattung<\/strong><\/p>\n\n\n\n<p>Der SB gibt einmal j\u00e4hrlich im zust\u00e4ndigen Fachausschuss einen ausf\u00fchrlichen Bericht ab.<\/p>\n\n\n\n<p><strong>\u00a7 8 Schlussbestimmung<\/strong><\/p>\n\n\n\n<p>Jedem Mitglied des SB und dessen Stellvertreter \/in ist eine Ausfertigung dieser Gesch\u00e4ftsordnung auszuh\u00e4ndigen.<\/p>\n\n\n\n<p><strong>\u00a7 9 Inkrafttreten<\/strong><\/p>\n\n\n\n<p>Diese Gesch\u00e4ftsordnung tritt mit dem Tag nach der Beschlussfassung durch den SB und der Kenntnisnahme durch den Rat der Stadt Freudenberg in Kraft.<\/p>\n\n\n\n<p><\/p>\n\n\n\n<p><\/p>\n\n\n\n<p>&nbsp;&nbsp;&nbsp;&nbsp;&nbsp;&nbsp;&nbsp; &nbsp; &nbsp; &nbsp; &nbsp;&nbsp;<\/p>\n\n\n\n<p class=\"has-text-align-center\">&nbsp;&nbsp;&nbsp;&nbsp;&nbsp;&nbsp;&nbsp;&nbsp;&nbsp;&nbsp;&nbsp;&nbsp;&nbsp;&nbsp;&nbsp;&nbsp;&nbsp;&nbsp;&nbsp;&nbsp;&nbsp;&nbsp;&nbsp;&nbsp;&nbsp;&nbsp;&nbsp;&nbsp;&nbsp;&nbsp;&nbsp;&nbsp;&nbsp;&nbsp;&nbsp;&nbsp;&nbsp;&nbsp;&nbsp;&nbsp;&nbsp;&nbsp;&nbsp;&nbsp;&nbsp;&nbsp;&nbsp;&nbsp;&nbsp;&nbsp;&nbsp;&nbsp;&nbsp;&nbsp;&nbsp;&nbsp;&nbsp;&nbsp;&nbsp;&nbsp;&nbsp;&nbsp;&nbsp;&nbsp;&nbsp;&nbsp;&nbsp;&nbsp;&nbsp;&nbsp;&nbsp;&nbsp;&nbsp;&nbsp;&nbsp;&nbsp;&nbsp;&nbsp;&nbsp;&nbsp;&nbsp;&nbsp;&nbsp;&nbsp;&nbsp;&nbsp;&nbsp;&nbsp;&nbsp;&nbsp;&nbsp;&nbsp;&nbsp;&nbsp;&nbsp;&nbsp;&nbsp;&nbsp;&nbsp;&nbsp;&nbsp;&nbsp;&nbsp;&nbsp;&nbsp;&nbsp;&nbsp;&nbsp;&nbsp;&nbsp;&nbsp;&nbsp;&nbsp;&nbsp;&nbsp;&nbsp;&nbsp;&nbsp;&nbsp;&nbsp;&nbsp;&nbsp;&nbsp;&nbsp;&nbsp;&nbsp;&nbsp;&nbsp;&nbsp;&nbsp;&nbsp;&nbsp;&nbsp;&nbsp;&nbsp;&nbsp;&nbsp;&nbsp;&nbsp;&nbsp;&nbsp;&nbsp;&nbsp;&nbsp;&nbsp; <strong>50 39\/1<\/strong><br>&nbsp;&nbsp;&nbsp;&nbsp;&nbsp;&nbsp;&nbsp;&nbsp;&nbsp;&nbsp;&nbsp;&nbsp;&nbsp;&nbsp;&nbsp;&nbsp;&nbsp;&nbsp;&nbsp;&nbsp;&nbsp;&nbsp;&nbsp; <em><strong>Satzung<\/strong><\/em><br>&nbsp;&nbsp;&nbsp;&nbsp;&nbsp;&nbsp;&nbsp;&nbsp;&nbsp;&nbsp;&nbsp;&nbsp;&nbsp;&nbsp;&nbsp;&nbsp;&nbsp;&nbsp;&nbsp;&nbsp;&nbsp;&nbsp;&nbsp;&nbsp;&nbsp;&nbsp;&nbsp; <em><strong>\u00fcber die Einrichtung eines Seniorenbeirates in der<\/strong><\/em><br>&nbsp;&nbsp;&nbsp;&nbsp;&nbsp;&nbsp;&nbsp;&nbsp;&nbsp;&nbsp;&nbsp;&nbsp;&nbsp;&nbsp;&nbsp;&nbsp;&nbsp;&nbsp;&nbsp;&nbsp;&nbsp;&nbsp;&nbsp;&nbsp;&nbsp;&nbsp;&nbsp;&nbsp;&nbsp;&nbsp;&nbsp;&nbsp;&nbsp;&nbsp;&nbsp;&nbsp;&nbsp;&nbsp;&nbsp;&nbsp;&nbsp; <em><strong>Stadt Freudenberg vom 23.09.2010<\/strong><\/em><\/p>\n\n\n\n<p class=\"has-text-align-center\"><em>Aufgrund des \u00a7 7 der Gemeindeordnung f\u00fcr das Land Nordrhein-Westfalen in der Fassung der Be-<\/em><br><em>kanntmachung vom 14.Juli 1994 (GV. NRW . S. 666), zuletzt ge\u00e4ndert durch Artikel 4 des Transpa-<\/em><br><em>renzgesetzes vom 17. 12 2009 (GV. NRW. S. 950) hat der Rat der Stadt Freudenberg in seiner Sit-<\/em><br><em>zung am 23.09.2010, zuletzt ge\u00e4ndert durch Ratsbeschluss vom 06.02.2024, folgende Satzung<\/em> <em>beschlossen:<\/em><\/p>\n\n\n\n<p><em>Pr\u00e4ambel:<\/em><\/p>\n\n\n\n<p><em>Die steigende Anzahl der Seniorinnen und Senioren in der Stadt Freudenberg verdeutlicht die<\/em><br><em>Notwendigkeit, diese Menschen an der politischen Willensbildung zu beteiligen und ihnen die<\/em><br><em>M\u00f6glichkeit einzur\u00e4umen, ihre Interessen auf \u00f6rtlicher Ebene zu vertreten. Aus diesem Grunde<\/em><br><em>wird in der Stadt Freudenberg unter Beteiligung von Rat und Verwaltung sowie von Seniorin-<\/em><br><em>nen und Senioren der Stadt ein Seniorenbeirat gegr\u00fcndet.<\/em><br><em>Eine gleichzeitige Mitgliedschaft im Rat der Stadt Freudenberg und im Seniorenbeirat ist nicht<\/em><br><em>m\u00f6glich.<\/em><br><br><br><\/p>\n\n\n\n<p class=\"has-text-align-center\">                                                                        \u00a7 1<\/p>\n\n\n\n<p class=\"has-text-align-center\">                                                          Aufgaben und Rechte<\/p>\n\n\n\n<p class=\"has-text-align-center\">(1) In der Stadt Freudenberg wird ein Beirat f\u00fcr Seniorinnen und Senioren (Beirat) gebildet,<\/p>\n\n\n\n<p>der parteipolitisch neutral, konfessionell und verbandspolitisch ungebunden ist. Er vertritt die Belange der \u00e4lteren Generation in der \u00d6ffentlichkeit und gegen\u00fcber den Organen der kommunalen Selbstverwaltung. Hierbei ber\u00e4t der Beirat auch durch Anregungen, Empfehlungen und Stellungnahmen. <\/p>\n\n\n\n<p>(2) Die Seniorenvertretung entwickelt ihre Aufgaben aus eigener Initiative.<\/p>\n\n\n\n<p class=\"has-text-align-center\">&nbsp;&nbsp;&nbsp;&nbsp; &nbsp;&nbsp; <em>\u00a7 2<\/em><br>&nbsp;&nbsp;&nbsp;&nbsp;&nbsp;&nbsp;&nbsp;Gemeinn\u00fctzigkeit<br>(1) Die Seniorenvertretung verfolgt ausschlie\u00dflich und unmittelbar gemeinn\u00fctzige Zwecke im Sinne<br><em>des Abschnitts \u201esteuerbeg\u00fcnstigte Zwecke\u201c der Abgabenordnung in der jeweils g\u00fcltigen Fassung.<\/em><\/p>\n\n\n\n<p><\/p>\n\n\n\n<p><\/p>\n\n\n\n<p class=\"has-text-align-center\"><em>(2)<\/em> Sie <em>ist selbstlos t\u00e4tig und verfolgt keine eigenwirtschaftlichen Zwecke.<\/em><\/p>\n\n\n\n<p class=\"has-text-align-center\">(3) Mittel der Seniorenvertretung werden nur f\u00fcr satzungsm\u00e4\u00dfige Zwecke verwendet. Die Mitglieder erhalten keine Zuwendung aus Mitteln der Seniorenvertretung.<\/p>\n\n\n\n<p class=\"has-text-align-center\"><br>(4) Die T\u00e4tigkeit in der Seniorenvertretung wird ehrenamtlich ausge\u00fcbt. Keine Person darf durch Ausgaben, die dem Zweck der Seniorenvertretung fremd sind, oder durch unverh\u00e4ltnism\u00e4\u00dfig hohe<br>Verg\u00fctung beg\u00fcnstigt werden.<\/p>\n\n\n\n<p class=\"has-text-align-center\"><br>&nbsp;&nbsp;&nbsp;&nbsp;&nbsp;&nbsp;&nbsp;&nbsp;&nbsp;&nbsp;&nbsp;<em>\u00a7 3<\/em><br>&nbsp;&nbsp;&nbsp;&nbsp;&nbsp;&nbsp;&nbsp;&nbsp;&nbsp;&nbsp;&nbsp;&nbsp;&nbsp;&nbsp; &nbsp; &nbsp; Mitwirkung in den Aussch\u00fcssen des Rates der Stadt Freudenberg<\/p>\n\n\n\n<p class=\"has-text-align-center\">(1) Einladungen zu allen \u00f6ffentlichen Rats- und Ausschusssitzungen einschl. Sitzungsniederschriften sind dem Beirat zu \u00fcbersenden. Die Einladungen enthalten Ort, Tag und Stunde der Sitzung sowie dieTagesordnung. Steht eine f\u00fcr \u00e4ltere Menschen wichtige Angelegenheit auf der Tagesordnung, ist dem Beirat die Vorlage zu \u00fcbersenden. Der Beirat hat Zugriff auf das digitale Ratsinformationssystem.<\/p>\n\n\n\n<p class=\"has-text-align-center\">(2) Der Beirat kann in Angelegenheiten, die Seniorinnen und Senioren betreffen, Antr\u00e4ge an den Rat und die Aussch\u00fcsse stellen. Die \/ Der Vorsitzende des Beirates oder ein von ihr \/ ihm beauftragtes Mitglied des Beirates kann nach dessen Beschlussfassung an den Sitzungen des Rates und der Aussch\u00fcsse in Angelegenheiten, dieSeniorinnen u<em>nd Senioren betreffen, teilnehmen.<\/em><\/p>\n\n\n\n<p><br>(3) Die Seniorenvertretung soll bei allen die Seniorinnen und Senioren betreffenden Fragen geh\u00f6rt<br>werden, insbesondere in Bereichen, wie z. B.<br>Stadt- und Verkehrsplanung<br>\u00d6PNV und Verkehrssicherheit<br>Altenwohnungen und Altenpflege<br>Freizeit- und Sportangebote<br>Sozial- und Gesundheitswesen<br>Weiterbildung und Kultur<br><br>(4) Die Seniorenvertretung kann sich gem. \u00a724 GO NW mit Anregungen oder Beschwerden zur wei-<br>teren Veranlassung an die B\u00fcrgermeisterin wenden. Andererseits sollte sie \u00fcber anstehende Ma\u00df-<br>nahmen, die die Aufgaben der Vertretung betreffen, rechtzeitig durch die Stadtverwaltung infor-<br>miert werden.<\/p>\n\n\n\n<p><br>&nbsp;&nbsp;&nbsp;&nbsp;&nbsp;&nbsp;&nbsp;&nbsp;&nbsp;&nbsp;&nbsp;&nbsp;&nbsp;&nbsp;&nbsp;&nbsp;&nbsp;&nbsp;&nbsp;&nbsp;&nbsp;&nbsp;&nbsp;&nbsp;&nbsp;&nbsp;&nbsp;&nbsp;&nbsp;&nbsp;&nbsp;&nbsp;&nbsp;&nbsp;&nbsp;&nbsp;&nbsp;&nbsp;&nbsp;&nbsp;&nbsp;&nbsp;&nbsp;&nbsp;&nbsp;&nbsp;&nbsp;&nbsp;&nbsp;&nbsp; &nbsp;&nbsp;&nbsp;&nbsp;&nbsp;&nbsp;&nbsp;&nbsp;&nbsp;&nbsp;&nbsp;&nbsp;&nbsp;&nbsp;&nbsp;&nbsp;&nbsp; \u00a7 4<br>&nbsp;&nbsp;&nbsp;&nbsp;&nbsp;&nbsp;&nbsp;&nbsp;&nbsp;&nbsp;&nbsp;&nbsp;&nbsp;&nbsp;&nbsp;&nbsp;&nbsp;&nbsp;&nbsp;&nbsp;&nbsp;&nbsp;&nbsp;&nbsp;&nbsp;&nbsp;&nbsp;&nbsp;&nbsp;&nbsp;&nbsp;&nbsp; &nbsp; Z<em>usammensetzung der Seniorenvertretung<\/em><br>(1) Der Seniorenvertretung geh\u00f6ren als stimmberechtigte Mitglieder insgesamt 7 Vertreter \/ innen<br>an. Die Vertreterinnen \/ Vertreter werden in \u00f6ffentlichen Versammlungen gew\u00e4hlt, die sichwie folgt aufteilen:<br>\u2022 Freudenberg<br>2 Vertreter\/innen<br>\u2022 B\u00fcschergrund<br>1 Vertreter\/in<br>\u2022 Hohenhain, Mausbach, Plittershagen, (Alte Heide)<br>1 Vertreter\/in<br>\u2022 Dirlenbach, Niederndorf, Oberfischbach, Heisberg<br>1 Vertreter\/in<br>\u2022 Niederheuslingen, Oberheuslingen, Lindenberg, Bottenberg<br>1 Vertreter\/in<br>\u2022 Alchen, B\u00fchl, Niederholzklau, Oberholzklau<br>1 Vertreter\/in<\/p>\n\n\n\n<p><em>(<\/em>2) Sollten in den einzelnen Ortsteilen keine oder eine nicht ausreichende Anzahl von Mitgliedern oder Vertreter*innen gefunden werden, so k\u00f6nnen die fehlenden Mitglieder und Vertreter*innen aus den anderen Ortsteilen erg\u00e4nzt werden<em>.<\/em><\/p>\n\n\n\n<p><br><em>(<\/em>3) Die 7 stimmberechtigten Mitglieder der Seniorenvertretung m\u00fcssen das 60. Lebensjahr vollendet haben und in der Stadt Freudenberg mit Hauptwohnsitz gemeldet sein.<\/p>\n\n\n\n<p><em>(4)<\/em> F\u00fcr die stimmberechtigten Mitglieder der Seniorenvertretung werden stellvertretende Mitglieder<br>gew\u00e4hlt. Die formalen Voraussetzungen f\u00fcr die Mitglieder gelten auch f\u00fcr die stellvertretenden Mitglieder<em>.<\/em><\/p>\n\n\n\n<p class=\"has-text-align-left\">                                                                  <em>\u00a7 5<\/em><br>                                         Zuwendungen an den Seniorenbeirat<\/p>\n\n\n\n<p><em>(1) Der Seniorenbeirat erh\u00e4lt einen j\u00e4hrlichen Zuschuss zur Gesch\u00e4ftsf\u00fchrung in H\u00f6he von 250,00 Euro<\/em><\/p>\n\n\n\n<p>(2) Zus\u00e4tzliche Mittel k\u00f6nnen gew\u00e4hrt werden f\u00fcr z.B. Veranstaltungen und Bildungs-veranstaltungen der Landesseniorenvertretung, gemeinsame Informationsveranstaltungen mit anderen SB, Honorarbeitr\u00e4ge f\u00fcr Infoveranstaltungen, Veranstaltungen des SB in den Stadtteilen f\u00fcr die Seniorenarbeit usw. und sind auf einen j\u00e4hrlichen Betrag von 800,00 Euro begrenzt.<\/p>\n\n\n\n<p><em>(3) <\/em>Gro\u00dfveranstaltungen des Seniorenbeirats, sind in allen Bereichen im Vorfeld mit der Verwaltung abzukl\u00e4ren.<\/p>\n\n\n\n<p>&nbsp;&nbsp;&nbsp;&nbsp;&nbsp;&nbsp;&nbsp;&nbsp;&nbsp;&nbsp;&nbsp;&nbsp;&nbsp;&nbsp;&nbsp;&nbsp;&nbsp;&nbsp;&nbsp;&nbsp;&nbsp;&nbsp;&nbsp;&nbsp;&nbsp;&nbsp;&nbsp;&nbsp;&nbsp;&nbsp;&nbsp;&nbsp;&nbsp;&nbsp;&nbsp;&nbsp;&nbsp;&nbsp;&nbsp;&nbsp;&nbsp;&nbsp;&nbsp;&nbsp;&nbsp;&nbsp;&nbsp;&nbsp;&nbsp;&nbsp;&nbsp;&nbsp;&nbsp;&nbsp;&nbsp;&nbsp;&nbsp;&nbsp;&nbsp;&nbsp;&nbsp;&nbsp;&nbsp;&nbsp;&nbsp;&nbsp;&nbsp;&nbsp;&nbsp;&nbsp; <em>\u00a7 6<\/em><br>&nbsp;&nbsp;&nbsp;&nbsp;&nbsp;&nbsp;&nbsp;&nbsp;&nbsp;&nbsp;&nbsp;&nbsp;&nbsp;&nbsp;&nbsp;&nbsp;&nbsp;&nbsp;&nbsp;&nbsp;&nbsp;&nbsp;&nbsp;&nbsp;&nbsp;&nbsp;&nbsp;&nbsp;&nbsp;&nbsp;&nbsp;&nbsp;&nbsp;&nbsp;&nbsp;&nbsp;&nbsp;&nbsp;&nbsp;&nbsp;&nbsp;&nbsp;&nbsp;&nbsp;&nbsp;&nbsp;&nbsp;&nbsp; <em>Wahl der Seniorenvertretung<\/em><br><em>Die Stadt l\u00e4dt alle Seniorinnen und Senioren zu einer \u00f6ffentlichen Versammlung in den unter \u00a7 4 Abs.1 genannten Bezirken ein. Alle Kandidatinnen \/ Kandidaten f\u00fcr die Seniorenvertretung stellen sich vor und werden dann in freier und geheimer Wahl von den Seniorinnen \/ Senioren gew\u00e4hlt. N\u00e4heres wird in der Wahlordnung geregelt.<\/em><\/p>\n\n\n\n<p><br>&nbsp;&nbsp;&nbsp;&nbsp;&nbsp;&nbsp;&nbsp;&nbsp;&nbsp;&nbsp;&nbsp;&nbsp;&nbsp;&nbsp;&nbsp;&nbsp;&nbsp;&nbsp;&nbsp;&nbsp;&nbsp;&nbsp;&nbsp;&nbsp;&nbsp;&nbsp;&nbsp;&nbsp;&nbsp;&nbsp;&nbsp;&nbsp;&nbsp;&nbsp;&nbsp;&nbsp;&nbsp;&nbsp;&nbsp;&nbsp;&nbsp;&nbsp;&nbsp;&nbsp;&nbsp;&nbsp;&nbsp;&nbsp;&nbsp;&nbsp;&nbsp;&nbsp;&nbsp;&nbsp;&nbsp;&nbsp;&nbsp;&nbsp;&nbsp;&nbsp;&nbsp;&nbsp;&nbsp;&nbsp;&nbsp;&nbsp;&nbsp;&nbsp;&nbsp;&nbsp; <em>\u00a7 7<\/em><br>&nbsp;&nbsp;&nbsp;&nbsp;&nbsp;&nbsp;&nbsp;&nbsp;&nbsp;&nbsp;&nbsp;&nbsp;&nbsp;&nbsp;&nbsp;&nbsp;&nbsp;&nbsp;&nbsp;&nbsp;&nbsp;&nbsp;&nbsp;&nbsp;&nbsp;&nbsp;&nbsp;&nbsp;&nbsp;&nbsp;&nbsp;&nbsp;&nbsp;&nbsp;&nbsp;&nbsp;&nbsp;&nbsp;&nbsp;&nbsp;&nbsp;&nbsp;&nbsp;&nbsp;&nbsp;&nbsp;&nbsp;&nbsp;&nbsp;&nbsp;&nbsp;&nbsp;&nbsp; Konstituierende Sitzung<br>Zur konstituierenden Sitzung der Seniorenvertretung l\u00e4dt die Stadt ein. Diese Sitzung hat innerhalb<br>von 60 Tagen nach Abschluss der Wahl stattzufinden<em>.<\/em><\/p>\n\n\n\n<p><br>&nbsp;&nbsp;&nbsp;&nbsp;&nbsp;&nbsp;&nbsp;&nbsp;&nbsp;&nbsp;&nbsp;&nbsp;&nbsp;&nbsp;&nbsp;&nbsp;&nbsp;&nbsp;&nbsp;&nbsp;&nbsp;&nbsp;&nbsp;&nbsp;&nbsp;&nbsp;&nbsp;&nbsp;&nbsp;&nbsp;&nbsp;&nbsp;&nbsp;&nbsp;&nbsp;&nbsp;&nbsp;&nbsp;&nbsp;&nbsp;&nbsp;&nbsp;&nbsp;&nbsp;&nbsp;&nbsp;&nbsp;&nbsp;&nbsp;&nbsp;&nbsp;&nbsp;&nbsp;&nbsp;&nbsp;&nbsp;&nbsp;&nbsp;&nbsp;&nbsp;&nbsp;&nbsp;&nbsp;&nbsp;&nbsp;&nbsp;&nbsp;&nbsp;&nbsp;&nbsp; <em>\u00a7 8<\/em><br>&nbsp;&nbsp;&nbsp;&nbsp;&nbsp;&nbsp;&nbsp;&nbsp;&nbsp;&nbsp;&nbsp;&nbsp;&nbsp;&nbsp;&nbsp;&nbsp;&nbsp;&nbsp;&nbsp;&nbsp;&nbsp;&nbsp;&nbsp;&nbsp;&nbsp;&nbsp;&nbsp;&nbsp;&nbsp;&nbsp;&nbsp;&nbsp;&nbsp;&nbsp;&nbsp;&nbsp;&nbsp;&nbsp;&nbsp;&nbsp;&nbsp;&nbsp;&nbsp;&nbsp;&nbsp;&nbsp;&nbsp;&nbsp;&nbsp;&nbsp;&nbsp;&nbsp;&nbsp;&nbsp;&nbsp;&nbsp;&nbsp;&nbsp;&nbsp;&nbsp;&nbsp;&nbsp;&nbsp;&nbsp;&nbsp;&nbsp;&nbsp; Vorsitz<br>Die Seniorenvertretung w\u00e4hlt aus der Mitte der stimmberechtigten Mitglieder die Vorsitzende \/ den<br>Vorsitzenden und ihre \/ seinen Vertreterin \/ Vertreter.<br>Die \/ der Vorsitzende vertritt die Seniorenvertretung u. a. als Mitglied bei der Landesseniorenvertretung Nordrhein-Westfalen e. V., sofern der Seniorenbeirat die Mitgliedschaft anstrebt.<\/p>\n\n\n\n<p><br>&nbsp;&nbsp;&nbsp;&nbsp;&nbsp;&nbsp;&nbsp;&nbsp;&nbsp;&nbsp;&nbsp;&nbsp;&nbsp;&nbsp;&nbsp;&nbsp;&nbsp;&nbsp;&nbsp;&nbsp;&nbsp;&nbsp;&nbsp;&nbsp;&nbsp;&nbsp;&nbsp;&nbsp;&nbsp;&nbsp;&nbsp;&nbsp;&nbsp;&nbsp;&nbsp;&nbsp;&nbsp;&nbsp;&nbsp;&nbsp;&nbsp;&nbsp;&nbsp;&nbsp;&nbsp;&nbsp;&nbsp;&nbsp;&nbsp;&nbsp;&nbsp;&nbsp;&nbsp;&nbsp;&nbsp;&nbsp;&nbsp;&nbsp;&nbsp;&nbsp;&nbsp;&nbsp;&nbsp;&nbsp;&nbsp;&nbsp;&nbsp;&nbsp;&nbsp;&nbsp; <em>\u00a7 9<\/em><br>&nbsp;&nbsp;&nbsp;&nbsp;&nbsp;&nbsp;&nbsp;&nbsp;&nbsp;&nbsp;&nbsp;&nbsp;&nbsp;&nbsp;&nbsp;&nbsp;&nbsp;&nbsp;&nbsp;&nbsp;&nbsp;&nbsp;&nbsp;&nbsp;&nbsp;&nbsp;&nbsp;&nbsp;&nbsp;&nbsp;&nbsp;&nbsp;&nbsp;&nbsp;&nbsp;&nbsp;&nbsp;&nbsp;&nbsp;&nbsp;&nbsp;&nbsp;&nbsp;&nbsp;&nbsp;&nbsp;&nbsp;&nbsp;&nbsp;&nbsp;&nbsp;&nbsp;&nbsp;&nbsp;&nbsp;&nbsp;&nbsp;&nbsp; Gesch\u00e4ftsordnung<br>Die Seniorenvertretung gibt sich eine Gesch\u00e4ftsordnung und legt diese dem Rat der Stadt Freuden-<br>berg zur Kenntnisnahme vor.<\/p>\n\n\n\n<p><\/p>\n\n\n\n<p><\/p>\n\n\n\n<p class=\"has-text-align-left\">                                                                       <em>\u00a7 10<\/em><br>                                                                   Amtszeit<br>Die Amtszeit betr\u00e4gt 3 Jahre. Die Seniorenvertretung bleibt bis zur Neuwahl im Amt. Diese hat sp\u00e4testens innerhalb von 90 Tagen nach Ablauf der Amtszeit stattzufinden.<\/p>\n\n\n\n<p><br>&nbsp;&nbsp;&nbsp;&nbsp;&nbsp;&nbsp;&nbsp;&nbsp;&nbsp;&nbsp;&nbsp;&nbsp;&nbsp;&nbsp;&nbsp;&nbsp;&nbsp;&nbsp;&nbsp;&nbsp;&nbsp;&nbsp;&nbsp;&nbsp;&nbsp;&nbsp;&nbsp;&nbsp;&nbsp;&nbsp;&nbsp;&nbsp;&nbsp;&nbsp;&nbsp;&nbsp;&nbsp;&nbsp;&nbsp;&nbsp;&nbsp;&nbsp;&nbsp;&nbsp;&nbsp;&nbsp;&nbsp;&nbsp;&nbsp;&nbsp;&nbsp;&nbsp;&nbsp;&nbsp;&nbsp;&nbsp;&nbsp;&nbsp;&nbsp;&nbsp;&nbsp;&nbsp;&nbsp;&nbsp;&nbsp;&nbsp;&nbsp;&nbsp;&nbsp;&nbsp; <em>\u00a7 11<\/em><br>&nbsp;&nbsp;&nbsp;&nbsp;&nbsp;&nbsp;&nbsp;&nbsp;&nbsp;&nbsp;&nbsp;&nbsp;&nbsp;&nbsp;&nbsp;&nbsp;&nbsp;&nbsp;&nbsp;&nbsp; &nbsp; &nbsp; &nbsp; &nbsp; &nbsp; &nbsp; &nbsp; &nbsp; &nbsp; &nbsp; &nbsp; &nbsp; &nbsp; &nbsp; &nbsp; &nbsp;&nbsp; <em>Ausscheiden, Nachr\u00fccken<br>(1) Die Mitgliedschaft in der Seniorenvertretung endet durch Verzicht bzw. Wegzug oder Tod.<\/em><\/p>\n\n\n\n<p><br><em>(2) <\/em>Scheidet ein stimmberechtigtes Mitglied aus, so r\u00fcckt die \/ der Stellvertreterin \/ Stellvertreter nach.<br>Die \/ der Bewerberin \/ Bewerber, die \/ der bei der Wahl mit der Stimmenzahl an dritter und folgen-<br>den Positionen gelegen hat, r\u00fcckt als neues stellvertretendes Mitglied in die Seniorenvertretung<br>nach.<\/p>\n\n\n\n<p><em>(3) Sollten nach dem Ausscheiden eines Mitgliedes kein Stellvertreter oder keine Stellvertreterin vorhanden sein, so k\u00f6nnen in der laufenden Wahlperiode interessierte B\u00fcrger der Stadt Freudenberg, die die formalen Voraussetzungen erf\u00fcllen, in den Seniorenbeirat als kommissarisches Mitglied nachr\u00fccken.<\/em><\/p>\n\n\n\n<p><br>&nbsp;&nbsp;&nbsp;&nbsp;&nbsp;&nbsp;&nbsp;&nbsp;&nbsp;&nbsp;&nbsp;&nbsp;&nbsp;&nbsp;&nbsp;&nbsp;&nbsp;&nbsp;&nbsp;&nbsp;&nbsp;&nbsp;&nbsp;&nbsp;&nbsp;&nbsp;&nbsp;&nbsp;&nbsp;&nbsp;&nbsp;&nbsp;&nbsp;&nbsp;&nbsp;&nbsp;&nbsp;&nbsp;&nbsp;&nbsp;&nbsp;&nbsp;&nbsp;&nbsp;&nbsp;&nbsp;&nbsp;&nbsp;&nbsp;&nbsp;&nbsp;&nbsp;&nbsp;&nbsp;&nbsp;&nbsp;&nbsp;&nbsp;&nbsp;&nbsp;&nbsp;&nbsp;&nbsp;&nbsp;&nbsp;&nbsp;&nbsp;&nbsp;&nbsp;&nbsp; <em>\u00a7 12<\/em><br>&nbsp;&nbsp;&nbsp;&nbsp;&nbsp;&nbsp;&nbsp;&nbsp;&nbsp;&nbsp;&nbsp;&nbsp;&nbsp;&nbsp;&nbsp; &nbsp; &nbsp; &nbsp; &nbsp; &nbsp; &nbsp; &nbsp; &nbsp; &nbsp; &nbsp; &nbsp; &nbsp; &nbsp; &nbsp; &nbsp; &nbsp; &nbsp; &nbsp; &nbsp; &nbsp; &nbsp; &nbsp; &nbsp; &nbsp;&nbsp; Inkrafttreten<br>Diese Satzung tritt am Tag nach ihrer Ver\u00f6ffentlichung in Kraft.<\/p>\n\n\n\n<p>Freudenberg, den 06.02.2024<\/p>\n\n\n\n<p>Die B\u00fcrgermeisterin<\/p>\n\n\n\n<p><em>Reschke<\/em><br>&nbsp;&nbsp;&nbsp;&nbsp;&nbsp;&nbsp;&nbsp;&nbsp;&nbsp;&nbsp;&nbsp;&nbsp;&nbsp;&nbsp;&nbsp;&nbsp;&nbsp;&nbsp;&nbsp;&nbsp;&nbsp;&nbsp;&nbsp;&nbsp;&nbsp;&nbsp;&nbsp;&nbsp;&nbsp;&nbsp;&nbsp;&nbsp;&nbsp;&nbsp;&nbsp;&nbsp;&nbsp;&nbsp;&nbsp;&nbsp; &nbsp; &nbsp; &nbsp; &nbsp; &nbsp; &nbsp; &nbsp; &nbsp; &nbsp; Bekanntmachungsanordnung<br>Die vorstehende Satzung \u00fcber die Einrichtung eines Seniorenbeirates in der Stadt Freudenberg vom<br>23.09.2010 wird hiermit \u00f6ffentlich bekannt gemacht. Gem\u00e4\u00df \u00a7 7 Abs. 6 GO NRW wird darauf hingewiesen, dass eine Verletzung von Verfahrens- und Formvorschriften der GO NRW beim Zustandekommen dieser Satzung nach Ablauf eines Jahres seit ihrer Verk\u00fcndung nicht mehr geltend gemacht werden kann, es sei denn<br>a) eine vorgeschriebene Genehmigung fehlt oder ein vorgeschriebenes Anzeigeverfahren wurde<br>nicht durchgef\u00fchrt,<br>b) die Satzung ist nicht ordnungsgem\u00e4\u00df \u00f6ffentlich bekannt gemacht worden,<br><em>c)<\/em> der B\u00fcrgermeister hat den Ratsbeschluss vorher beanstandet oder<br>d) der Form- oder Verfahrensmangel ist gegen\u00fcber der Stadt vorher ger\u00fcgt und dabei die verletzte<br>Rechtsvorschrift und die Tatsache bezeichnet worden, die den Mangel ergibt.<\/p>\n\n\n\n<p>Freudenberg, 06.02.2024<\/p>\n\n\n\n<p>Die B\u00fcrgermeisterin Reschke<\/p>\n\n\n\n<p><em> <\/em><\/p>\n\n\n\n<p><\/p>\n","protected":false},"excerpt":{"rendered":"<p>Gesch\u00e4ftsordnung des Seniorenbeirates der Stadt Freudenberg Der Seniorenbeirat der Stadt Freudenberg, nachfolgend SB genannt, hat in der Sitzung am: 06.02.2024 auf der Grundlage des \u00a7 9 der Satzung des SB folgende Gesch\u00e4ftsordnung beschlossen. Grundsatzerkl\u00e4rung Der SB versteht sich als gew\u00e4hlte und selbstst\u00e4ndige Vertretung der Seniorinnen&nbsp;&hellip;<\/p>\n","protected":false},"author":1,"featured_media":0,"parent":0,"menu_order":0,"comment_status":"closed","ping_status":"closed","template":"","meta":{"footnotes":""},"class_list":["post-62","page","type-page","status-publish","hentry"],"_links":{"self":[{"href":"https:\/\/seniorenbeirat-stadt-freudenberg.de\/index.php?rest_route=\/wp\/v2\/pages\/62","targetHints":{"allow":["GET"]}}],"collection":[{"href":"https:\/\/seniorenbeirat-stadt-freudenberg.de\/index.php?rest_route=\/wp\/v2\/pages"}],"about":[{"href":"https:\/\/seniorenbeirat-stadt-freudenberg.de\/index.php?rest_route=\/wp\/v2\/types\/page"}],"author":[{"embeddable":true,"href":"https:\/\/seniorenbeirat-stadt-freudenberg.de\/index.php?rest_route=\/wp\/v2\/users\/1"}],"replies":[{"embeddable":true,"href":"https:\/\/seniorenbeirat-stadt-freudenberg.de\/index.php?rest_route=%2Fwp%2Fv2%2Fcomments&post=62"}],"version-history":[{"count":24,"href":"https:\/\/seniorenbeirat-stadt-freudenberg.de\/index.php?rest_route=\/wp\/v2\/pages\/62\/revisions"}],"predecessor-version":[{"id":387,"href":"https:\/\/seniorenbeirat-stadt-freudenberg.de\/index.php?rest_route=\/wp\/v2\/pages\/62\/revisions\/387"}],"wp:attachment":[{"href":"https:\/\/seniorenbeirat-stadt-freudenberg.de\/index.php?rest_route=%2Fwp%2Fv2%2Fmedia&parent=62"}],"curies":[{"name":"wp","href":"https:\/\/api.w.org\/{rel}","templated":true}]}}