{"id":6,"date":"2024-08-10T10:24:09","date_gmt":"2024-08-10T10:24:09","guid":{"rendered":"https:\/\/seniorenbeirat-stadt-freudenberg.de\/?page_id=6"},"modified":"2026-01-06T20:18:28","modified_gmt":"2026-01-06T20:18:28","slug":"seniorenbeirat","status":"publish","type":"page","link":"https:\/\/seniorenbeirat-stadt-freudenberg.de\/","title":{"rendered":"Seniorenbeirat\u00a0Stadt Freudenberg"},"content":{"rendered":"<div class=\"wp-block-image\">\n<figure class=\"aligncenter size-full\"><img loading=\"lazy\" decoding=\"async\" width=\"800\" height=\"600\" src=\"https:\/\/seniorenbeirat-stadt-freudenberg.de\/wp-content\/uploads\/2024\/11\/freudenberg1.jpg\" alt=\"\" class=\"wp-image-140\" srcset=\"https:\/\/seniorenbeirat-stadt-freudenberg.de\/wp-content\/uploads\/2024\/11\/freudenberg1.jpg 800w, https:\/\/seniorenbeirat-stadt-freudenberg.de\/wp-content\/uploads\/2024\/11\/freudenberg1-300x225.jpg 300w, https:\/\/seniorenbeirat-stadt-freudenberg.de\/wp-content\/uploads\/2024\/11\/freudenberg1-768x576.jpg 768w\" sizes=\"auto, (max-width: 800px) 100vw, 800px\" \/><\/figure>\n<\/div>\n\n\n<p class=\"has-text-align-center\"><\/p>\n\n\n\n<p class=\"has-text-align-center\">Niemand wird alt,&nbsp;weil er eine Anzahl Jahre hinter sich gebracht hat. Man wird nur alt, wenn man seinen Idealen Lebewohl sagt. Albert Schweitzer<\/p>\n\n\n\n<p class=\"has-medium-font-size\">Vielen Dank f\u00fcr den Besuch auf der Website vom Seniorenbeirat der <strong>Stadt Freudenberg<\/strong>. Wir hoffen, dass Sie eine Menge n\u00fctzlicher Informationen auf unserer Website finden. Wir laden Sie ein, sich unsere Beiratsarbeit anzusehen. Wir vertreten die Interessen der Seniorinnen und Senioren auf \u00f6rtlicher Ebene in der Stadt Freudenberg, um ihnen eine Stimme zu geben.<\/p>\n\n\n\n<p><\/p>\n\n\n\n<p><\/p>\n\n\n\n<h2 class=\"wp-block-heading has-text-align-center\">Wer wir sind und was wir wollen<\/h2>\n\n\n\n<p class=\"has-medium-font-size\">Der Seniorenbeirat hat die Aufgabe, die Interessen der Seniorinnen und Senioren der Stadt Freudenberg \u00f6ffentlich zur Sprache zur bringen, Ideen zur Verbesserung der Lebensverh\u00e4ltnisse zu entwickeln, als Ansprechpartner f\u00fcr \u00e4ltere Menschen zur Verf\u00fcgung zu stehen und die Belange der \u00e4lteren Menschen \u00fcber Empfehlungen in die jeweils zust\u00e4ndigen st\u00e4dtischen Gremien und Institutionen zu bringen.<\/p>\n\n\n\n<p class=\"has-medium-font-size\"><em>Kontakt: &nbsp;<\/em> &nbsp; &nbsp;<em> <a href=\"mailto:info@seniorenbeirat.de\">info@seniorenbeirat-stadt-freudenberg.de<\/a><\/em><\/p>\n\n\n\n<p class=\"has-text-align-center\"><\/p>\n\n\n\n<p><\/p>\n","protected":false},"excerpt":{"rendered":"<p>Niemand wird alt,&nbsp;weil er eine Anzahl Jahre hinter sich gebracht hat. Man wird nur alt, wenn man seinen Idealen Lebewohl sagt. Albert Schweitzer Vielen Dank f\u00fcr den Besuch auf der Website vom Seniorenbeirat der Stadt Freudenberg. Wir hoffen, dass Sie eine Menge n\u00fctzlicher Informationen auf&nbsp;&hellip;<\/p>\n","protected":false},"author":1,"featured_media":0,"parent":0,"menu_order":0,"comment_status":"closed","ping_status":"closed","template":"","meta":{"footnotes":""},"class_list":["post-6","page","type-page","status-publish","hentry"],"_links":{"self":[{"href":"https:\/\/seniorenbeirat-stadt-freudenberg.de\/index.php?rest_route=\/wp\/v2\/pages\/6","targetHints":{"allow":["GET"]}}],"collection":[{"href":"https:\/\/seniorenbeirat-stadt-freudenberg.de\/index.php?rest_route=\/wp\/v2\/pages"}],"about":[{"href":"https:\/\/seniorenbeirat-stadt-freudenberg.de\/index.php?rest_route=\/wp\/v2\/types\/page"}],"author":[{"embeddable":true,"href":"https:\/\/seniorenbeirat-stadt-freudenberg.de\/index.php?rest_route=\/wp\/v2\/users\/1"}],"replies":[{"embeddable":true,"href":"https:\/\/seniorenbeirat-stadt-freudenberg.de\/index.php?rest_route=%2Fwp%2Fv2%2Fcomments&post=6"}],"version-history":[{"count":21,"href":"https:\/\/seniorenbeirat-stadt-freudenberg.de\/index.php?rest_route=\/wp\/v2\/pages\/6\/revisions"}],"predecessor-version":[{"id":537,"href":"https:\/\/seniorenbeirat-stadt-freudenberg.de\/index.php?rest_route=\/wp\/v2\/pages\/6\/revisions\/537"}],"wp:attachment":[{"href":"https:\/\/seniorenbeirat-stadt-freudenberg.de\/index.php?rest_route=%2Fwp%2Fv2%2Fmedia&parent=6"}],"curies":[{"name":"wp","href":"https:\/\/api.w.org\/{rel}","templated":true}]}}