{"id":553,"date":"2026-01-12T15:01:21","date_gmt":"2026-01-12T15:01:21","guid":{"rendered":"https:\/\/seniorenbeirat-stadt-freudenberg.de\/?page_id=553"},"modified":"2026-01-12T15:20:31","modified_gmt":"2026-01-12T15:20:31","slug":"information-fuer-beiratsmietglieder","status":"publish","type":"page","link":"https:\/\/seniorenbeirat-stadt-freudenberg.de\/?page_id=553","title":{"rendered":"Information f\u00fcr Beiratsmitglieder"},"content":{"rendered":"\n<p class=\"has-medium-font-size\"><strong><mark style=\"background-color:rgba(0, 0, 0, 0)\" class=\"has-inline-color has-black-color\">Ausschuss- und Ratssitzungen ohne Gew\u00e4hr, es k\u00f6nnen auch Sitzungen ausfallen.<\/mark>&nbsp;<\/strong><\/p>\n\n\n\n<p class=\"has-medium-font-size\">Nur f\u00fcr den Internen Gebrauch<\/p>\n\n\n\n<figure class=\"wp-block-table\"><table class=\"has-fixed-layout\"><tbody><tr><td colspan=\"3\"><strong>Februar<\/strong><\/td><\/tr><tr><td colspan=\"3\"><strong>Mittwoch, 18. Februar 2026<\/strong><\/td><\/tr><tr><td><br><\/td><td>17:30 Uhr<br><br><\/td><td><a href=\"https:\/\/ratsinfo.freudenberg-stadt.de\/tops\/?__=UGhVM0hpd2NXNFdFcExjZTSfmZ48CmJ4gjwWhpjYIbs\"><strong>Bildungs- und Sozialausschuss, 2. Sitzung<\/strong><\/a> Rathaus<br>Ratssaal<br>M\u00f3rer Platz 1<br>57258 Freudenberg<\/td><\/tr><tr><td colspan=\"3\"><strong>Mittwoch, 25. Februar 2026<\/strong><\/td><\/tr><tr><td><br><\/td><td>17:30 Uhr<br><br><\/td><td><a href=\"https:\/\/ratsinfo.freudenberg-stadt.de\/tops\/?__=UGhVM0hpd2NXNFdFcExjZehEae1ZozL8viWPW6OYxIk\"><strong>Stadtentwicklungsausschuss, 2. Sitzung<\/strong><\/a> Rathaus<br>Ratssaal<br>M\u00f3rer Platz 1<br>57258 Freudenberg<\/td><\/tr><tr><td colspan=\"3\"><strong>Donnerstag, 26. Februar 2026<\/strong><\/td><\/tr><tr><td><br><\/td><td>17:30 Uhr<br><br><\/td><td><a href=\"https:\/\/ratsinfo.freudenberg-stadt.de\/tops\/?__=UGhVM0hpd2NXNFdFcExjZbYJ4igLOZ3sztLZNi2Nrs4\"><strong>Bau- und Verkehrsausschuss, 2. Sitzung<\/strong><\/a> Rathaus<br>Ratssaal<br>M\u00f3rer Platz 1<br>57258 Freudenberg<\/td><\/tr><tr><td colspan=\"3\"><strong>M\u00e4rz<\/strong><\/td><\/tr><tr><td colspan=\"3\"><strong>Dienstag, 3. M\u00e4rz 2026<\/strong><\/td><\/tr><tr><td><br><\/td><td>17:30 Uhr<br><br><\/td><td><a href=\"https:\/\/ratsinfo.freudenberg-stadt.de\/tops\/?__=UGhVM0hpd2NXNFdFcExjZbV9il72D2CrNP37WusLPiU\"><strong>Betriebsausschuss, 2. Sitzung<\/strong><\/a> Rathaus<br>Ratssaal<br>M\u00f3rer Platz 1<br>57258 Freudenberg<\/td><\/tr><tr><td colspan=\"3\"><strong>Donnerstag, 5. M\u00e4rz 2026<\/strong><\/td><\/tr><tr><td><br><\/td><td>17:30 Uhr<br><br><\/td><td><a href=\"https:\/\/ratsinfo.freudenberg-stadt.de\/tops\/?__=UGhVM0hpd2NXNFdFcExjZdnsNHz3I_B7XOlFt8z3JdI\"><strong>Haupt- und Finanzausschuss, 2. Sitzung<\/strong><\/a> Rathaus<br>Ratssaal<br>M\u00f3rer Platz 1<br>57258 Freudenberg<\/td><\/tr><tr><td colspan=\"3\"><strong>Donnerstag, 12. M\u00e4rz 2026<\/strong><\/td><\/tr><tr><td><br><\/td><td>17:30 Uhr<br><br><\/td><td><a href=\"https:\/\/ratsinfo.freudenberg-stadt.de\/tops\/?__=UGhVM0hpd2NXNFdFcExjZSq5IPTbmaxX7VYnkgLNsgY\"><strong>Rat, 3. Sitzung<\/strong><\/a> Rathaus<br>Ratssaal<br>M\u00f3rer Platz 1<br>57258 Freudenberg<\/td><\/tr><tr><td colspan=\"3\"><strong>April<\/strong><\/td><\/tr><tr><td colspan=\"3\"><strong>Mittwoch, 22. April 2026<\/strong><\/td><\/tr><tr><td><br><\/td><td>17:30 Uhr<br><br><\/td><td><a href=\"https:\/\/ratsinfo.freudenberg-stadt.de\/tops\/?__=UGhVM0hpd2NXNFdFcExjZZbCm9GWb_C40O_SPK9DHbI\"><strong>Bildungs- und Sozialausschuss, 3. Sitzung<\/strong><\/a> Rathaus<br>Ratssaal<br>M\u00f3rer Platz 1<br>57258 Freudenberg<\/td><\/tr><tr><td colspan=\"3\"><strong>Dienstag, 28. April 2026<\/strong><\/td><\/tr><tr><td><br><\/td><td>17:30 Uhr<br><br><\/td><td><a href=\"https:\/\/ratsinfo.freudenberg-stadt.de\/tops\/?__=UGhVM0hpd2NXNFdFcExjZVLjM8P2tCiA-Kb21lr4PjM\"><strong>Bau- und Verkehrsausschuss, 3. Sitzung<\/strong><\/a> Rathaus<br>Ratssaal<br>M\u00f3rer Platz 1<br>57258 Freudenberg<\/td><\/tr><tr><td colspan=\"3\"><strong>Mittwoch, 29. April 2026<\/strong><\/td><\/tr><tr><td><br><\/td><td>17:30 Uhr<br><br><\/td><td><a href=\"https:\/\/ratsinfo.freudenberg-stadt.de\/tops\/?__=UGhVM0hpd2NXNFdFcExjZd1agZuhK6MJRYy1WGLZaSM\"><strong>Stadtentwicklungsausschuss, 3. Sitzung<\/strong><\/a> Rathaus<br>Ratssaal<br>M\u00f3rer Platz 1<br>57258 Freudenberg<\/td><\/tr><tr><td colspan=\"3\"><strong>Mai<\/strong><\/td><\/tr><tr><td colspan=\"3\"><strong>Dienstag, 5. Mai 2026<\/strong><\/td><\/tr><tr><td><br><\/td><td>17:30 Uhr<br><br><\/td><td><a href=\"https:\/\/ratsinfo.freudenberg-stadt.de\/tops\/?__=UGhVM0hpd2NXNFdFcExjZdHTmX3gGkmOH_wAoUMgF_o\"><strong>Betriebsausschuss, 3. Sitzung<\/strong><\/a> Rathaus<br>Ratssaal<br>M\u00f3rer Platz 1<br>57258 Freudenberg<\/td><\/tr><tr><td colspan=\"3\"><strong>Donnerstag, 7. Mai 2026<\/strong><\/td><\/tr><tr><td><br><\/td><td>17:30 Uhr<br><br><\/td><td><a href=\"https:\/\/ratsinfo.freudenberg-stadt.de\/tops\/?__=UGhVM0hpd2NXNFdFcExjZWCHMSo9hv65vsRszVLHLjQ\"><strong>Haupt- und Finanzausschuss, 3. Sitzung<\/strong><\/a> Rathaus<br>Ratssaal<br>M\u00f3rer Platz 1<br>57258 Freudenberg<\/td><\/tr><tr><td colspan=\"3\"><strong>Mittwoch, 13. Mai 2026<\/strong><\/td><\/tr><tr><td><br><\/td><td>17:30 Uhr<br><br><\/td><td><a href=\"https:\/\/ratsinfo.freudenberg-stadt.de\/tops\/?__=UGhVM0hpd2NXNFdFcExjZVfCBRenz4-lO14y71YJIxM\"><strong>Rat, 4. Sitzung<\/strong><\/a> <strong>Mittwoch!<\/strong> Rathaus<br>Ratssaal<br>M\u00f3rer Platz 1<br>57258 Freudenberg<\/td><\/tr><tr><td colspan=\"3\"><strong>Juni<\/strong><\/td><\/tr><tr><td colspan=\"3\"><strong>Mittwoch, 24. Juni 2026<\/strong><\/td><\/tr><tr><td><br><\/td><td>17:30 Uhr<br><br><\/td><td><a href=\"https:\/\/ratsinfo.freudenberg-stadt.de\/tops\/?__=UGhVM0hpd2NXNFdFcExjZfhTARHm-Bvlk1uqrbgp7Ko\"><strong>Bildungs- und Sozialausschuss, 4. Sitzung<\/strong><\/a> Rathaus<br>Ratssaal<br>M\u00f3rer Platz 1<br>57258 Freudenberg<\/td><\/tr><tr><td colspan=\"3\"><strong>Juli<\/strong><\/td><\/tr><tr><td colspan=\"3\"><strong>Mittwoch, 1. Juli 2026<\/strong><\/td><\/tr><tr><td><br><\/td><td>17:30 Uhr<br><br><\/td><td><a href=\"https:\/\/ratsinfo.freudenberg-stadt.de\/tops\/?__=UGhVM0hpd2NXNFdFcExjZaQ9Ugnw0Vh9zhSgK11XpXs\"><strong>Stadtentwicklungsausschuss, 4. Sitzung<\/strong><\/a> Rathaus<br>Ratssaal<br>M\u00f3rer Platz 1<br>57258 Freudenberg<\/td><\/tr><tr><td colspan=\"3\"><strong>Donnerstag, 2. Juli 2026<\/strong><\/td><\/tr><tr><td><br><\/td><td>17:30 Uhr<br><br><\/td><td><a href=\"https:\/\/ratsinfo.freudenberg-stadt.de\/tops\/?__=UGhVM0hpd2NXNFdFcExjZYgzwqhZlkc_H3GHUXYkp78\"><strong>Bau- und Verkehrsausschuss, 4. Sitzung<\/strong><\/a> Rathaus<br>Ratssaal<br>M\u00f3rer Platz 1<br>57258 Freudenberg<\/td><\/tr><tr><td colspan=\"3\"><strong>Dienstag, 7. Juli 2026<\/strong><\/td><\/tr><tr><td><br><\/td><td>17:30 Uhr<br><br><\/td><td><a href=\"https:\/\/ratsinfo.freudenberg-stadt.de\/tops\/?__=UGhVM0hpd2NXNFdFcExjZQMvslWlvk85YWOps7ajMiY\"><strong>Betriebsausschuss, 4. Sitzung<\/strong><\/a> Rathaus<br>Ratssaal<br>M\u00f3rer Platz 1<br>57258 Freudenberg<\/td><\/tr><tr><td colspan=\"3\"><strong>Donnerstag, 9. Juli 2026<\/strong><\/td><\/tr><tr><td><br><\/td><td>17:30 Uhr<br><br><\/td><td><a href=\"https:\/\/ratsinfo.freudenberg-stadt.de\/tops\/?__=UGhVM0hpd2NXNFdFcExjZTfIAPyMiZRUblTswSbpQPw\"><strong>Haupt- und Finanzausschuss, 4. Sitzung<\/strong><\/a> Rathaus<br>Ratssaal<br>M\u00f3rer Platz 1<br>57258 Freudenberg<\/td><\/tr><tr><td colspan=\"3\"><strong>Donnerstag, 16. Juli 2026<\/strong><\/td><\/tr><tr><td><br><\/td><td>17:30 Uhr<br><br><\/td><td><a href=\"https:\/\/ratsinfo.freudenberg-stadt.de\/tops\/?__=UGhVM0hpd2NXNFdFcExjZVGagvvncNmXII0s2bnUstU\"><strong>Rat, 5. Sitzung<\/strong><\/a> Rathaus<br>Ratssaal<br>M\u00f3rer Platz 1<br>57258 Freudenberg<\/td><\/tr><tr><td colspan=\"3\"><strong>September<\/strong><\/td><\/tr><tr><td colspan=\"3\"><strong>Dienstag, 15. September 2026<\/strong><\/td><\/tr><tr><td><br><\/td><td>17:30 Uhr<br><br><\/td><td><a href=\"https:\/\/ratsinfo.freudenberg-stadt.de\/tops\/?__=UGhVM0hpd2NXNFdFcExjZVAX9m1L6mVwIJA3zVhsFHY\"><strong>Betriebsausschuss, 5. Sitzung<\/strong><\/a> Rathaus<br>Ratssaal<br>M\u00f3rer Platz 1<br>57258 Freudenberg<\/td><\/tr><tr><td colspan=\"3\"><strong>Donnerstag, 17. September 2026<\/strong><\/td><\/tr><tr><td><br><\/td><td>17:30 Uhr<br><br><\/td><td><a href=\"https:\/\/ratsinfo.freudenberg-stadt.de\/tops\/?__=UGhVM0hpd2NXNFdFcExjZe6Jv8xx-27FdMzV0Dpb5XA\"><strong>Stadtentwicklungsausschuss, 5. Sitzung<\/strong><\/a> Rathaus<br>Ratssaal<br>M\u00f3rer Platz 1<br>57258 Freudenberg<\/td><\/tr><tr><td colspan=\"3\"><strong>Mittwoch, 23. September 2026<\/strong><\/td><\/tr><tr><td><br><\/td><td>17:30 Uhr<br><br><\/td><td><a href=\"https:\/\/ratsinfo.freudenberg-stadt.de\/tops\/?__=UGhVM0hpd2NXNFdFcExjZV7q-1mlBTlnwGBJREQwL2E\"><strong>Bildungs- und Sozialausschuss, 5. Sitzung<\/strong><\/a> Rathaus<br>Ratssaal<br>M\u00f3rer Platz 1<br>57258 Freudenberg<\/td><\/tr><tr><td colspan=\"3\"><strong>Donnerstag, 24. September 2026<\/strong><\/td><\/tr><tr><td><br><\/td><td>17:30 Uhr<br><br><\/td><td><a href=\"https:\/\/ratsinfo.freudenberg-stadt.de\/tops\/?__=UGhVM0hpd2NXNFdFcExjZU0Wi2ccjjtXCcAEcMn4cmc\"><strong>Bau- und Verkehrsausschuss, 5. Sitzung<\/strong><\/a> Rathaus<br>Ratssaal<br>M\u00f3rer Platz 1<br>57258 Freudenberg<\/td><\/tr><tr><td colspan=\"3\"><strong>Dienstag, 29. September 2026<\/strong><\/td><\/tr><tr><td><br><\/td><td>17:30 Uhr<br><br><\/td><td><a href=\"https:\/\/ratsinfo.freudenberg-stadt.de\/tops\/?__=UGhVM0hpd2NXNFdFcExjZRpyL1Zxkrnm2QL7js0WJ8E\"><strong>Haupt- und Finanzausschuss, 5. Sitzung<\/strong><\/a> <strong>Dienstag!<\/strong> Rathaus<br>Ratssaal<br>M\u00f3rer Platz 1<br>57258 Freudenberg<\/td><\/tr><tr><td colspan=\"3\"><strong>Oktober<\/strong><\/td><\/tr><tr><td colspan=\"3\"><strong>Donnerstag, 8. Oktober 2026<\/strong><\/td><\/tr><tr><td><br><\/td><td>17:30 Uhr<br><br><\/td><td><a href=\"https:\/\/ratsinfo.freudenberg-stadt.de\/tops\/?__=UGhVM0hpd2NXNFdFcExjZVn4LgTRsc2dHz_Rq8cdVVo\"><strong>Rat, 6. Sitzung<\/strong><\/a> Rathaus<br>Ratssaal<br>M\u00f3rer Platz 1<br>57258 Freudenberg<\/td><\/tr><tr><td colspan=\"3\"><strong>November<\/strong><\/td><\/tr><tr><td colspan=\"3\"><strong>Mittwoch, 18. November 2026<\/strong><\/td><\/tr><tr><td><br><\/td><td>17:30 Uhr<br><br><\/td><td><a href=\"https:\/\/ratsinfo.freudenberg-stadt.de\/tops\/?__=UGhVM0hpd2NXNFdFcExjZWvWBpaVM3PJmZyMXVQuf0U\"><strong>Bildungs- und Sozialausschuss, 6. Sitzung<\/strong><\/a> Rathaus<br>Ratssaal<br>M\u00f3rer Platz 1<br>57258 Freudenberg<\/td><\/tr><tr><td colspan=\"3\"><strong>Donnerstag, 19. November 2026<\/strong><\/td><\/tr><tr><td><br><\/td><td>17:30 Uhr<br><br><\/td><td><a href=\"https:\/\/ratsinfo.freudenberg-stadt.de\/tops\/?__=UGhVM0hpd2NXNFdFcExjZS-riG3MhSbHMwU5nJ6NXV8\"><strong>Stadtentwicklungsausschuss, 6. Sitzung<\/strong><\/a> Rathaus<br>Ratssaal<br>M\u00f3rer Platz 1<br>57258 Freudenberg<\/td><\/tr><tr><td colspan=\"3\"><strong>Dienstag, 24. November 2026<\/strong><\/td><\/tr><tr><td><br><\/td><td>17:30 Uhr<br><br><\/td><td><a href=\"https:\/\/ratsinfo.freudenberg-stadt.de\/tops\/?__=UGhVM0hpd2NXNFdFcExjZfJ7SLWjTiWYnJJ3MR53H3s\"><strong>Betriebsausschuss, 6. Sitzung<\/strong><\/a> Rathaus<br>Ratssaal<br>M\u00f3rer Platz 1<br>57258 Freudenberg<\/td><\/tr><tr><td colspan=\"3\"><strong>Donnerstag, 26. November 2026<\/strong><\/td><\/tr><tr><td><br><\/td><td>17:30 Uhr<br><br><\/td><td><a href=\"https:\/\/ratsinfo.freudenberg-stadt.de\/tops\/?__=UGhVM0hpd2NXNFdFcExjZQ36gSCOS_4sG8vTYIm4PHo\"><strong>Bau- und Verkehrsausschuss, 6. Sitzung<\/strong><\/a> Rathaus<br>Ratssaal<br>M\u00f3rer Platz 1<br>57258 Freudenberg<\/td><\/tr><tr><td colspan=\"3\"><strong>Dezember<\/strong><\/td><\/tr><tr><td colspan=\"3\"><strong>Donnerstag, 3. Dezember 2026<\/strong><\/td><\/tr><tr><td><br><\/td><td>17:30 Uhr<br><br><\/td><td><a href=\"https:\/\/ratsinfo.freudenberg-stadt.de\/tops\/?__=UGhVM0hpd2NXNFdFcExjZS6PgPdWeo3kM1vcpyzXRog\"><strong>Haupt- und Finanzausschuss, 6. Sitzung<\/strong><\/a> Rathaus<br>Ratssaal<br>M\u00f3rer Platz 1<br>57258 Freudenberg<\/td><\/tr><tr><td colspan=\"3\"><strong>Donnerstag, 10. Dezember 2026<\/strong><\/td><\/tr><tr><td><br><\/td><td>17:30 Uhr<br><br><\/td><td><a href=\"https:\/\/ratsinfo.freudenberg-stadt.de\/tops\/?__=UGhVM0hpd2NXNFdFcExjZUhYuT8lxwYkUYNQ_srZCaY\"><strong>Rat, 7. Sitzung<\/strong><\/a> Rathaus<br>Ratssaal<br>M\u00f3rer Platz 1<br>57258 Freudenberg<\/td><\/tr><\/tbody><\/table><\/figure>\n","protected":false},"excerpt":{"rendered":"<p>Ausschuss- und Ratssitzungen ohne Gew\u00e4hr, es k\u00f6nnen auch Sitzungen ausfallen.&nbsp; Nur f\u00fcr den Internen Gebrauch Februar Mittwoch, 18. Februar 2026 17:30 Uhr Bildungs- und Sozialausschuss, 2. Sitzung RathausRatssaalM\u00f3rer Platz 157258 Freudenberg Mittwoch, 25. Februar 2026 17:30 Uhr Stadtentwicklungsausschuss, 2. Sitzung RathausRatssaalM\u00f3rer Platz 157258 Freudenberg Donnerstag,&nbsp;&hellip;<\/p>\n","protected":false},"author":1,"featured_media":0,"parent":0,"menu_order":0,"comment_status":"closed","ping_status":"closed","template":"","meta":{"footnotes":""},"class_list":["post-553","page","type-page","status-publish","hentry"],"_links":{"self":[{"href":"https:\/\/seniorenbeirat-stadt-freudenberg.de\/index.php?rest_route=\/wp\/v2\/pages\/553","targetHints":{"allow":["GET"]}}],"collection":[{"href":"https:\/\/seniorenbeirat-stadt-freudenberg.de\/index.php?rest_route=\/wp\/v2\/pages"}],"about":[{"href":"https:\/\/seniorenbeirat-stadt-freudenberg.de\/index.php?rest_route=\/wp\/v2\/types\/page"}],"author":[{"embeddable":true,"href":"https:\/\/seniorenbeirat-stadt-freudenberg.de\/index.php?rest_route=\/wp\/v2\/users\/1"}],"replies":[{"embeddable":true,"href":"https:\/\/seniorenbeirat-stadt-freudenberg.de\/index.php?rest_route=%2Fwp%2Fv2%2Fcomments&post=553"}],"version-history":[{"count":3,"href":"https:\/\/seniorenbeirat-stadt-freudenberg.de\/index.php?rest_route=\/wp\/v2\/pages\/553\/revisions"}],"predecessor-version":[{"id":556,"href":"https:\/\/seniorenbeirat-stadt-freudenberg.de\/index.php?rest_route=\/wp\/v2\/pages\/553\/revisions\/556"}],"wp:attachment":[{"href":"https:\/\/seniorenbeirat-stadt-freudenberg.de\/index.php?rest_route=%2Fwp%2Fv2%2Fmedia&parent=553"}],"curies":[{"name":"wp","href":"https:\/\/api.w.org\/{rel}","templated":true}]}}