{"id":51,"date":"2024-08-10T14:44:48","date_gmt":"2024-08-10T14:44:48","guid":{"rendered":"https:\/\/seniorenbeirat-stadt-freudenberg.de\/?page_id=51"},"modified":"2025-12-12T18:42:50","modified_gmt":"2025-12-12T18:42:50","slug":"taschengeldboerse","status":"publish","type":"page","link":"https:\/\/seniorenbeirat-stadt-freudenberg.de\/?page_id=51","title":{"rendered":"Taschengeldb\u00f6rse"},"content":{"rendered":"\n<p class=\"has-medium-font-size\"><em>Der Seniorenbeirat der Stadt Freudenberg bietet ein Projekt an, bei dem junge und alte Menschen voneinander profitieren. Die Vermittlungsstelle des Seniorenbeirates f\u00fchrt Anbieter und Jugendliche zusammen und unterst\u00fctzt die Beteiligten.<\/em><\/p>\n\n\n\n<p class=\"has-medium-font-size\"><strong><em><strong>Ansprechpartner: Frau Sieglinde Schu\u00df<\/strong><\/em><\/strong> <\/p>\n\n\n\n<p class=\"has-medium-font-size\"><strong><em>Telefon 02734 2698<\/em><\/strong> ( Sollte die Rufnummer nicht erreichbar sein bitte eine E-Mail senden )<\/p>\n\n\n\n<p class=\"has-medium-font-size\">&nbsp;<em>E-Mail: <a href=\"s.schuss@seniorenbeirat-stadt-freudenberg.de\">s.schuss@online.de<\/a><\/em><\/p>\n\n\n\n<p class=\"has-medium-font-size\"><em>&nbsp;E-Mail: <a href=\"mailto:s.schuss@seniorenbeirat-stadt-freudenberg.de\">s.schuss@seniorenbeirat-stadt-freudenberg.de<\/a><\/em><\/p>\n\n\n\n<p><strong>Senioren-Service-Stelle<\/strong> Telefon: 02734\/43-174<\/p>\n\n\n\n<p class=\"has-medium-font-size\"><em>&nbsp;<\/em><\/p>\n\n\n<div class=\"wp-block-image\">\n<figure class=\"aligncenter size-large\"><img loading=\"lazy\" decoding=\"async\" width=\"896\" height=\"1024\" src=\"https:\/\/seniorenbeirat-stadt-freudenberg.de\/wp-content\/uploads\/2024\/08\/2024-01-09-Plakat-A4-hoch_1-896x1024.jpg\" alt=\"\" class=\"wp-image-80\" srcset=\"https:\/\/seniorenbeirat-stadt-freudenberg.de\/wp-content\/uploads\/2024\/08\/2024-01-09-Plakat-A4-hoch_1-896x1024.jpg 896w, https:\/\/seniorenbeirat-stadt-freudenberg.de\/wp-content\/uploads\/2024\/08\/2024-01-09-Plakat-A4-hoch_1-263x300.jpg 263w, https:\/\/seniorenbeirat-stadt-freudenberg.de\/wp-content\/uploads\/2024\/08\/2024-01-09-Plakat-A4-hoch_1-768x878.jpg 768w, https:\/\/seniorenbeirat-stadt-freudenberg.de\/wp-content\/uploads\/2024\/08\/2024-01-09-Plakat-A4-hoch_1.jpg 1241w\" sizes=\"auto, (max-width: 896px) 100vw, 896px\" \/><\/figure>\n<\/div>\n\n<div class=\"wp-block-image\">\n<figure class=\"aligncenter size-large\"><img loading=\"lazy\" decoding=\"async\" width=\"1024\" height=\"745\" src=\"https:\/\/seniorenbeirat-stadt-freudenberg.de\/wp-content\/uploads\/2025\/12\/Bild-S-1-1024x745.jpeg\" alt=\"\" class=\"wp-image-506\" srcset=\"https:\/\/seniorenbeirat-stadt-freudenberg.de\/wp-content\/uploads\/2025\/12\/Bild-S-1-1024x745.jpeg 1024w, https:\/\/seniorenbeirat-stadt-freudenberg.de\/wp-content\/uploads\/2025\/12\/Bild-S-1-300x218.jpeg 300w, https:\/\/seniorenbeirat-stadt-freudenberg.de\/wp-content\/uploads\/2025\/12\/Bild-S-1-768x558.jpeg 768w, https:\/\/seniorenbeirat-stadt-freudenberg.de\/wp-content\/uploads\/2025\/12\/Bild-S-1-1536x1117.jpeg 1536w, https:\/\/seniorenbeirat-stadt-freudenberg.de\/wp-content\/uploads\/2025\/12\/Bild-S-1-2048x1489.jpeg 2048w\" sizes=\"auto, (max-width: 1024px) 100vw, 1024px\" \/><\/figure>\n<\/div>","protected":false},"excerpt":{"rendered":"<p>Der Seniorenbeirat der Stadt Freudenberg bietet ein Projekt an, bei dem junge und alte Menschen voneinander profitieren. Die Vermittlungsstelle des Seniorenbeirates f\u00fchrt Anbieter und Jugendliche zusammen und unterst\u00fctzt die Beteiligten. Ansprechpartner: Frau Sieglinde Schu\u00df Telefon 02734 2698 ( Sollte die Rufnummer nicht erreichbar sein bitte&nbsp;&hellip;<\/p>\n","protected":false},"author":1,"featured_media":0,"parent":0,"menu_order":0,"comment_status":"closed","ping_status":"closed","template":"","meta":{"footnotes":""},"class_list":["post-51","page","type-page","status-publish","hentry"],"_links":{"self":[{"href":"https:\/\/seniorenbeirat-stadt-freudenberg.de\/index.php?rest_route=\/wp\/v2\/pages\/51","targetHints":{"allow":["GET"]}}],"collection":[{"href":"https:\/\/seniorenbeirat-stadt-freudenberg.de\/index.php?rest_route=\/wp\/v2\/pages"}],"about":[{"href":"https:\/\/seniorenbeirat-stadt-freudenberg.de\/index.php?rest_route=\/wp\/v2\/types\/page"}],"author":[{"embeddable":true,"href":"https:\/\/seniorenbeirat-stadt-freudenberg.de\/index.php?rest_route=\/wp\/v2\/users\/1"}],"replies":[{"embeddable":true,"href":"https:\/\/seniorenbeirat-stadt-freudenberg.de\/index.php?rest_route=%2Fwp%2Fv2%2Fcomments&post=51"}],"version-history":[{"count":21,"href":"https:\/\/seniorenbeirat-stadt-freudenberg.de\/index.php?rest_route=\/wp\/v2\/pages\/51\/revisions"}],"predecessor-version":[{"id":512,"href":"https:\/\/seniorenbeirat-stadt-freudenberg.de\/index.php?rest_route=\/wp\/v2\/pages\/51\/revisions\/512"}],"wp:attachment":[{"href":"https:\/\/seniorenbeirat-stadt-freudenberg.de\/index.php?rest_route=%2Fwp%2Fv2%2Fmedia&parent=51"}],"curies":[{"name":"wp","href":"https:\/\/api.w.org\/{rel}","templated":true}]}}