{"id":48,"date":"2024-08-10T14:43:54","date_gmt":"2024-08-10T14:43:54","guid":{"rendered":"https:\/\/seniorenbeirat-stadt-freudenberg.de\/?page_id=48"},"modified":"2024-11-20T10:22:11","modified_gmt":"2024-11-20T10:22:11","slug":"seniorensicherheitsberaterin","status":"publish","type":"page","link":"https:\/\/seniorenbeirat-stadt-freudenberg.de\/?page_id=48","title":{"rendered":"Seniorensicherheitsberaterin"},"content":{"rendered":"\n<p class=\"has-medium-font-size\">Liebe Seniorinnen und Senioren,<\/p>\n\n\n\n<p class=\"has-medium-font-size\">ich bin Ulla Schreiber, t\u00e4tig als ehrenamtliche Seniorensicherheitsberaterin, geschult von der Polizei Siegen-Wittgenstein.<\/p>\n\n\n\n<p class=\"has-medium-font-size\">Ich unterst\u00fctze die Polizei bei ihrer Arbeit, Menschen zu sensibilisieren, damit sie nicht Opfer einer Straftat werden.<\/p>\n\n\n\n<p class=\"has-medium-font-size\">Verkehrssicherheit im Alter ist auch ein wichtiges Thema, um m\u00f6glichst lang fit und mobil zu bleiben.<\/p>\n\n\n\n<p class=\"has-medium-font-size\">Ich biete Vortr\u00e4ge \u00fcber Enkeltrick, falsche Polizeibeamte, Trickdiebst\u00e4hle, Gefahren an der Haust\u00fcr, falsche Gewinnversprechen u.v.m. an!<\/p>\n\n\n\n<p class=\"has-medium-font-size\">Ich komme auch sehr gern zu einer Einzel- oder Gruppenberatung zu Ihnen nach Hause.<\/p>\n\n\n\n<p class=\"has-medium-font-size\"><em>Rufen Sie mich an:<\/em><\/p>\n\n\n\n<p class=\"has-medium-font-size\"><em>0160 977 861 15<\/em><\/p>\n\n\n\n<p class=\"has-medium-font-size\"><em>Mit den besten W\u00fcnschen<\/em><\/p>\n\n\n\n<figure class=\"wp-block-image size-full\"><img loading=\"lazy\" decoding=\"async\" width=\"188\" height=\"251\" src=\"https:\/\/seniorenbeirat-stadt-freudenberg.de\/wp-content\/uploads\/2024\/11\/ulla-schreiber.jpg\" alt=\"\" class=\"wp-image-208\"\/><\/figure>\n\n\n\n<p class=\"has-medium-font-size\"><em>Ulla Schreiber<\/em><\/p>\n","protected":false},"excerpt":{"rendered":"<p>Liebe Seniorinnen und Senioren, ich bin Ulla Schreiber, t\u00e4tig als ehrenamtliche Seniorensicherheitsberaterin, geschult von der Polizei Siegen-Wittgenstein. Ich unterst\u00fctze die Polizei bei ihrer Arbeit, Menschen zu sensibilisieren, damit sie nicht Opfer einer Straftat werden. Verkehrssicherheit im Alter ist auch ein wichtiges Thema, um m\u00f6glichst lang&nbsp;&hellip;<\/p>\n","protected":false},"author":1,"featured_media":0,"parent":0,"menu_order":0,"comment_status":"closed","ping_status":"closed","template":"","meta":{"footnotes":""},"class_list":["post-48","page","type-page","status-publish","hentry"],"_links":{"self":[{"href":"https:\/\/seniorenbeirat-stadt-freudenberg.de\/index.php?rest_route=\/wp\/v2\/pages\/48","targetHints":{"allow":["GET"]}}],"collection":[{"href":"https:\/\/seniorenbeirat-stadt-freudenberg.de\/index.php?rest_route=\/wp\/v2\/pages"}],"about":[{"href":"https:\/\/seniorenbeirat-stadt-freudenberg.de\/index.php?rest_route=\/wp\/v2\/types\/page"}],"author":[{"embeddable":true,"href":"https:\/\/seniorenbeirat-stadt-freudenberg.de\/index.php?rest_route=\/wp\/v2\/users\/1"}],"replies":[{"embeddable":true,"href":"https:\/\/seniorenbeirat-stadt-freudenberg.de\/index.php?rest_route=%2Fwp%2Fv2%2Fcomments&post=48"}],"version-history":[{"count":6,"href":"https:\/\/seniorenbeirat-stadt-freudenberg.de\/index.php?rest_route=\/wp\/v2\/pages\/48\/revisions"}],"predecessor-version":[{"id":218,"href":"https:\/\/seniorenbeirat-stadt-freudenberg.de\/index.php?rest_route=\/wp\/v2\/pages\/48\/revisions\/218"}],"wp:attachment":[{"href":"https:\/\/seniorenbeirat-stadt-freudenberg.de\/index.php?rest_route=%2Fwp%2Fv2%2Fmedia&parent=48"}],"curies":[{"name":"wp","href":"https:\/\/api.w.org\/{rel}","templated":true}]}}