{"id":46,"date":"2024-08-10T14:42:17","date_gmt":"2024-08-10T14:42:17","guid":{"rendered":"https:\/\/seniorenbeirat-stadt-freudenberg.de\/?page_id=46"},"modified":"2026-04-12T07:33:59","modified_gmt":"2026-04-12T07:33:59","slug":"information","status":"publish","type":"page","link":"https:\/\/seniorenbeirat-stadt-freudenberg.de\/?page_id=46","title":{"rendered":"Aktuelles \/ Informationen \/ Veranstaltungen"},"content":{"rendered":"\n<p class=\"has-text-align-center\"><strong>Seniorenbeirat der Stadt Freudenberg<\/strong><\/p>\n\n\n\n<p class=\"has-text-align-center\"><strong>Fr\u00fchlingsmarkt mit Verkaufsoffenem Sonntag:<\/strong> 19. April 2026 (ca. 11-18 Uhr).<\/p>\n\n\n\n<p class=\"has-text-align-center\">Veranstaltungen 2026:<br><a href=\"https:\/\/seniorenbeirat-stadt-freudenberg.de\/wp-content\/uploads\/2025\/12\/Veranstaltungen-2026-1.pdf\">https:\/\/seniorenbeirat-stadt-freudenberg.de\/wp-content\/uploads\/2025\/12\/Veranstaltungen-2026-1.pdf<\/a><\/p>\n\n\n\n<hr class=\"wp-block-separator has-alpha-channel-opacity\"\/>\n\n\n\n<p><\/p>\n\n\n\n<p class=\"has-text-align-center\"><strong>Taschengeldb\u00f6rse vermittelt Hilfe rund ums Haus<\/strong><\/p>\n\n\n\n<p class=\"has-text-align-center\"><strong>Jugendliche unterst\u00fctzen im Herbst<\/strong><\/p>\n\n\n\n<p class=\"has-text-align-center\"><strong>bei Garten- und Alltagshilfen<\/strong><\/p>\n\n\n\n<p>Die Taschengeldb\u00f6rsrse ist ein seit Jahren erfolgreiches Gemeinschaftsprojekt des Seniorenbeirates der Stadt Freudenberg und der Esther-Bejarano-Gesamtschule. Sie bringt Jugendliche ab 14 Jahren mit Familien, Berufst\u00e4tigen und Seniorinnen und Senioren zusammen, die kleine Hilfen im Alltag ben\u00f6tigen. Gerade im Herbst gibt es rund ums Haus viel zu tun: Holz stapeln, Gartenarbeiten erledigen, Laub fegen oder den Au\u00dfenbereich f\u00fcr den Winter vorbereiten. Wenn diese Aufgaben aus gesundheitlichen Gr\u00fcnden oder Zeitmangel schwerfallen, k\u00f6nnen engagierte Jugendliche f\u00fcr ein Taschengeld unterst\u00fctzen. Doch nicht Taschengeldb\u00f6rse vermittelt Hilfe rund ums Haus Jugendliche unterst\u00fctzen im Herbst bei Garten- und Alltagshilfen nur f\u00fcr Gartenarbeiten werden Helferinnen und Helfer vermittelt. Auch bei T\u00e4tigkeiten wie Einkaufen, Putzen, Unterst\u00fctzung bei Handy oder PC, Hundesitting oder beim gemeinsamen Spielen stehen freundliche Jugendliche bereit. Interessierte, die Hilfe suchen oder Jugendlichen eine Gelegenheit zum Engagement bieten m\u00f6chten, k\u00f6nnen sich wenden an:<\/p>\n\n\n\n<p><strong>Sieglinde Schu\u00df<\/strong> <strong>Tel.: 02734\/2698<\/strong>   <strong>E-Mail: s.schuss@online.de<\/strong><\/p>\n\n\n\n<p><strong>E-Mail: info@seniorenbeirat-stadt-freudenberg.de<\/strong> <\/p>\n\n\n\n<hr class=\"wp-block-separator has-alpha-channel-opacity\"\/>\n\n\n\n<p class=\"has-text-align-center\">\u201e<strong>Kurz und Gut- Gesund und aktiv bleiben\u201c<\/strong><\/p>\n\n\n\n<p class=\"has-text-align-center\"><strong>Seniorenbeirat der Stadt Freudenberg und die SGV Abt. Freudenberger Land e.V.<\/strong> m\u00f6chten in Zukunft Wanderungen und andere Veranstaltungen in Kooperation gemeinsam unter dem Motto <strong>\u201e Kurz und Gut-Gesund und aktiv bleiben\u201c<\/strong> durchf\u00fchren.<\/p>\n\n\n\n<p class=\"has-text-align-center\">&#8212;&#8212;&#8212;&#8212;&#8212;&#8212;&#8212;&#8212;&#8212;&#8212;&#8212;&#8212;&#8212;&#8212;&#8212;&#8212;&#8212;&#8212;&#8212;&#8212;&#8212;&#8212;&#8212;&#8212;&#8212;&#8212;&#8212;&#8212;&#8212;&#8212;&#8212;&#8212;&#8212;&#8212;&#8212;&#8212;&#8212;&#8212;&#8211;<\/p>\n\n\n\n<p class=\"has-text-align-center\"><strong>F\u00fcr die Zukunft ist geplant; einmal im Monat und zwar am 3. oder 4. Freitag um 14.00 Uhr eine<\/strong> <strong>Wanderung oder Veranstaltung durchzuf\u00fchren. Bekannt gemacht werden die Veranstaltungen unter:<\/strong><\/p>\n\n\n\n<p class=\"has-text-align-center\"><a href=\"http:\/\/www.seniorenbeirat-freudenberg-stadt.de\" data-type=\"link\" data-id=\"www.seniorenbeirat-freudenberg-stadt.de\">www.seniorenbeirat-freudenberg-stadt.de<\/a> oder <a href=\"http:\/\/www.sgv-freudenbergerland.de\/\">www.sgv-freudenbergerland.de<\/a> und in \u201eFreudenberg Aktuell\u201c. \u201eVeranstaltungskalender Stadt Freudenberg (Internet)\u201c sowie \u201eSWA\u201c. <\/p>\n\n\n\n<p class=\"has-text-align-center\">Anmeldungen immer bei Bruno Stock Tel.: 02734-1629 oder besser per E-Mail: <a href=\"mailto:post@bruno-stock.de\">post@bruno-stock.de<\/a> Weiter Ideen, Anregungen und Vorschl\u00e4ge bitte gerne an vorherige Adresse senden. Auch sind \u201eMitstreiter\u201c, die aktiv bei Planung und Durchf\u00fchrung mitmachen m\u00f6chten, herzlich willkommen, \u201e<em>gemeinsam ist vieles m\u00f6glich<\/em>\u201c.<\/p>\n\n\n\n<p class=\"has-text-align-center\">Wir m\u00f6chten alle Seniorinnen und Senioren dazu auffordern, sich trotz, eventueller gesundheitlicher Probleme und besonders bei <strong>Einsamkeit<\/strong>, am gesellschaftlichen Leben zu beteiligen.<\/p>\n\n\n\n<p class=\"has-text-align-center\">Seniorenbeirat Stadt Freudenberg und<\/p>\n\n\n\n<p class=\"has-text-align-center\">SGV Freudenberger Land e.V.<\/p>\n\n\n\n<p class=\"has-text-align-center\">&#8212;&#8212;&#8212;&#8212;&#8212;&#8212;&#8212;&#8212;&#8212;&#8212;&#8212;&#8212;&#8212;&#8212;&#8212;&#8212;&#8212;&#8212;&#8212;&#8212;&#8212;&#8212;&#8212;&#8212;&#8212;&#8212;&#8212;&#8212;&#8212;&#8212;&#8212;&#8212;&#8212;&#8212;&#8212;&#8212;&#8212;&#8212;&#8211;<\/p>\n\n\n\n<h1 class=\"wp-block-heading has-text-align-center\">Neuer Seniorenbeirat der Stadt Freudenberg<\/h1>\n\n\n\n<p>Der im M\u00e4rz neu gew\u00e4hlte Seniorenbeirat der Stadt Freudenberg hat sich in seiner ersten Sitzung neu aufgestellt. 11 B\u00fcrgerinnen und B\u00fcrger sind in den Seniorenbeirat gew\u00e4hlt worden. Neben dem gegenseitigen Kennenlernen der stimmberechtigten und stellvertretenden Mitglieder stand die Wahl des Vorsitzenden und Stellvertreters an. Bruno Stock wurde erneut zum 1. Vorsitzenden gew\u00e4hlt, Manfred Tysiak als sein Stellvertreter. Die Schriftf\u00fchrung \u00fcbernimmt Marlies Hoffmann. B\u00fcrgermeisterin Nicole Reschke dankte den ausgeschiedenen Beiratsmitgliedern f\u00fcr ihr Engagement und \u00fcbergab kleine Pr\u00e4sente.<\/p>\n\n\n\n<figure class=\"wp-block-image\"><img decoding=\"async\" src=\"https:\/\/www.freudenberg-stadt.de\/media\/custom\/2998_2486_1_g.JPG?1743749093\" alt=\"Der neue Seniorenbeirat der Stadt Freudenberg: W. Braun, K.W. Harnischmacher, B. H\u00fcttseifer, K. Becker,   M. Hoffmann, G. Rosenthal, H. Knie, S. Schu\u00df, B. Stock, E. Fiedler, M. Tysiak (fehlt auf dem Bild).\"\/><\/figure>\n\n\n\n<p><a href=\"https:\/\/www.freudenberg-stadt.de\/media\/custom\/2998_2486_1_g.JPG?1743749093\"><\/a><\/p>\n\n\n\n<p>Der Seniorenbeirat trifft sich jeden ersten Dienstag im Monat um 14:00 Uhr im Rathaus. Die Sitzungen des Seniorenbeirats sind \u00f6ffentlich, Interessierte sind jederzeit herzlich Willkommen.<\/p>\n\n\n\n<p>Der neue Seniorenbeirat der Stadt Freudenberg: W. Braun, K.W. Harnischmacher, B. H\u00fcttseifer, K. Becker, &nbsp;&nbsp;M. Hoffmann, G. Rosenthal, H. Knie, S. Schu\u00df, B. Stock, E. Fiedler, M. Tysiak (fehlt auf dem Bild).<\/p>\n\n\n\n<p class=\"has-medium-font-size\"><\/p>\n\n\n\n<p class=\"has-medium-font-size\"><\/p>\n","protected":false},"excerpt":{"rendered":"<p>Seniorenbeirat der Stadt Freudenberg Fr\u00fchlingsmarkt mit Verkaufsoffenem Sonntag: 19. April 2026 (ca. 11-18 Uhr). Veranstaltungen 2026:https:\/\/seniorenbeirat-stadt-freudenberg.de\/wp-content\/uploads\/2025\/12\/Veranstaltungen-2026-1.pdf Taschengeldb\u00f6rse vermittelt Hilfe rund ums Haus Jugendliche unterst\u00fctzen im Herbst bei Garten- und Alltagshilfen Die Taschengeldb\u00f6rsrse ist ein seit Jahren erfolgreiches Gemeinschaftsprojekt des Seniorenbeirates der Stadt Freudenberg und der&nbsp;&hellip;<\/p>\n","protected":false},"author":1,"featured_media":0,"parent":0,"menu_order":0,"comment_status":"closed","ping_status":"closed","template":"","meta":{"footnotes":""},"class_list":["post-46","page","type-page","status-publish","hentry"],"_links":{"self":[{"href":"https:\/\/seniorenbeirat-stadt-freudenberg.de\/index.php?rest_route=\/wp\/v2\/pages\/46","targetHints":{"allow":["GET"]}}],"collection":[{"href":"https:\/\/seniorenbeirat-stadt-freudenberg.de\/index.php?rest_route=\/wp\/v2\/pages"}],"about":[{"href":"https:\/\/seniorenbeirat-stadt-freudenberg.de\/index.php?rest_route=\/wp\/v2\/types\/page"}],"author":[{"embeddable":true,"href":"https:\/\/seniorenbeirat-stadt-freudenberg.de\/index.php?rest_route=\/wp\/v2\/users\/1"}],"replies":[{"embeddable":true,"href":"https:\/\/seniorenbeirat-stadt-freudenberg.de\/index.php?rest_route=%2Fwp%2Fv2%2Fcomments&post=46"}],"version-history":[{"count":66,"href":"https:\/\/seniorenbeirat-stadt-freudenberg.de\/index.php?rest_route=\/wp\/v2\/pages\/46\/revisions"}],"predecessor-version":[{"id":586,"href":"https:\/\/seniorenbeirat-stadt-freudenberg.de\/index.php?rest_route=\/wp\/v2\/pages\/46\/revisions\/586"}],"wp:attachment":[{"href":"https:\/\/seniorenbeirat-stadt-freudenberg.de\/index.php?rest_route=%2Fwp%2Fv2%2Fmedia&parent=46"}],"curies":[{"name":"wp","href":"https:\/\/api.w.org\/{rel}","templated":true}]}}