{"id":292,"date":"2024-12-04T14:27:53","date_gmt":"2024-12-04T14:27:53","guid":{"rendered":"https:\/\/seniorenbeirat-stadt-freudenberg.de\/?page_id=292"},"modified":"2025-03-07T09:32:50","modified_gmt":"2025-03-07T09:32:50","slug":"angebote-und-hilfen-fuer-seniorinnen-und-senioren","status":"publish","type":"page","link":"https:\/\/seniorenbeirat-stadt-freudenberg.de\/?page_id=292","title":{"rendered":"Angebote und Hilfen f\u00fcr Seniorinnen und Senioren"},"content":{"rendered":"\n<p><strong>\u00dcberweisungen t\u00e4tigen<\/strong><\/p>\n\n\n\n<p>Info \u00fcber den Abbau von Briefk\u00e4sten in den Nebenstellen und<br>Terminaltstationen der Sparkasse.<\/p>\n\n\n\n<p>Die Briefk\u00e4sten sind wegen Vandalismus abgebaut worden.<\/p>\n\n\n\n<p>Es gibt M\u00f6glichkeiten \u00dcberweisungen zu t\u00e4tigen ohne Online Buchung oder<br>Besuch vor Ort.<\/p>\n\n\n\n<p>Buchungen \u00fcber die Servicenummer <strong>0271-596111<\/strong> bei der Sparkasse oder \u00fcber<br>den Bargeldbringservice der Sparkasse immer Mitwochs.<\/p>\n\n\n\n<p><\/p>\n\n\n\n<p><\/p>\n\n\n\n<div data-wp-interactive=\"core\/file\" class=\"wp-block-file\"><object data-wp-bind--hidden=\"!state.hasPdfPreview\" hidden class=\"wp-block-file__embed\" data=\"https:\/\/seniorenbeirat-stadt-freudenberg.de\/wp-content\/uploads\/2024\/12\/Liste_Angebote_und_Hilfen_Senioren_Stand_06-22-1.pdf\" type=\"application\/pdf\" style=\"width:100%;height:600px\" aria-label=\"Einbettung von Liste_Angebote_und_Hilfen_Senioren_Stand_06-22.\"><\/object><a id=\"wp-block-file--media-b939f78f-0cb1-4c7a-a5dc-d8aead322e12\" href=\"https:\/\/seniorenbeirat-stadt-freudenberg.de\/wp-content\/uploads\/2024\/12\/Liste_Angebote_und_Hilfen_Senioren_Stand_06-22-1.pdf\">Liste_Angebote_und_Hilfen_Senioren_Stand_06-22<\/a><a href=\"https:\/\/seniorenbeirat-stadt-freudenberg.de\/wp-content\/uploads\/2024\/12\/Liste_Angebote_und_Hilfen_Senioren_Stand_06-22-1.pdf\" class=\"wp-block-file__button wp-element-button\" download aria-describedby=\"wp-block-file--media-b939f78f-0cb1-4c7a-a5dc-d8aead322e12\">Herunterladen<\/a><\/div>\n\n\n\n<p><\/p>\n\n\n\n<p><\/p>\n\n\n\n<p><\/p>\n","protected":false},"excerpt":{"rendered":"<p>\u00dcberweisungen t\u00e4tigen Info \u00fcber den Abbau von Briefk\u00e4sten in den Nebenstellen undTerminaltstationen der Sparkasse. Die Briefk\u00e4sten sind wegen Vandalismus abgebaut worden. Es gibt M\u00f6glichkeiten \u00dcberweisungen zu t\u00e4tigen ohne Online Buchung oderBesuch vor Ort. Buchungen \u00fcber die Servicenummer 0271-596111 bei der Sparkasse oder \u00fcberden Bargeldbringservice der&nbsp;&hellip;<\/p>\n","protected":false},"author":1,"featured_media":0,"parent":0,"menu_order":0,"comment_status":"closed","ping_status":"closed","template":"","meta":{"footnotes":""},"class_list":["post-292","page","type-page","status-publish","hentry"],"_links":{"self":[{"href":"https:\/\/seniorenbeirat-stadt-freudenberg.de\/index.php?rest_route=\/wp\/v2\/pages\/292","targetHints":{"allow":["GET"]}}],"collection":[{"href":"https:\/\/seniorenbeirat-stadt-freudenberg.de\/index.php?rest_route=\/wp\/v2\/pages"}],"about":[{"href":"https:\/\/seniorenbeirat-stadt-freudenberg.de\/index.php?rest_route=\/wp\/v2\/types\/page"}],"author":[{"embeddable":true,"href":"https:\/\/seniorenbeirat-stadt-freudenberg.de\/index.php?rest_route=\/wp\/v2\/users\/1"}],"replies":[{"embeddable":true,"href":"https:\/\/seniorenbeirat-stadt-freudenberg.de\/index.php?rest_route=%2Fwp%2Fv2%2Fcomments&post=292"}],"version-history":[{"count":4,"href":"https:\/\/seniorenbeirat-stadt-freudenberg.de\/index.php?rest_route=\/wp\/v2\/pages\/292\/revisions"}],"predecessor-version":[{"id":372,"href":"https:\/\/seniorenbeirat-stadt-freudenberg.de\/index.php?rest_route=\/wp\/v2\/pages\/292\/revisions\/372"}],"wp:attachment":[{"href":"https:\/\/seniorenbeirat-stadt-freudenberg.de\/index.php?rest_route=%2Fwp%2Fv2%2Fmedia&parent=292"}],"curies":[{"name":"wp","href":"https:\/\/api.w.org\/{rel}","templated":true}]}}