{"id":255,"date":"2025-01-07T15:44:23","date_gmt":"2025-01-07T15:44:23","guid":{"rendered":"https:\/\/seniorenbeirat-stadt-freudenberg.de\/?page_id=255"},"modified":"2025-01-07T15:44:24","modified_gmt":"2025-01-07T15:44:24","slug":"senioren-service-stelle","status":"publish","type":"page","link":"https:\/\/seniorenbeirat-stadt-freudenberg.de\/?page_id=255","title":{"rendered":"Senioren-Service-Stelle"},"content":{"rendered":"\n<h1 class=\"wp-block-heading\"><\/h1>\n\n\n\n<p><strong>Zu allen Themen der Alltagsbew\u00e4ltigung, ob es um Gesundheit, selbstst\u00e4ndiger Lebensf\u00fchrung oder Angebote f\u00fcr Senioren geht, wird hier kompetent beraten oder an zust\u00e4ndige Stellen vermittelt.<\/strong><br>Insbesondere werden angeboten:<\/p>\n\n\n\n<ul class=\"wp-block-list\">\n<li>individuelle Beratung zu allgemeinen Fragen der Alltagsbew\u00e4ltigung<\/li>\n\n\n\n<li>pers\u00f6nliche Beratung und Lotsenfunktion bei der &nbsp;Bew\u00e4ltigung komplexer Problemlagen<\/li>\n\n\n\n<li>Koordination der Zusammenarbeit mit dem Regionalen Sozialdienst, dem Sozialpsychiatrischen Dienst und der Pflegeberatung des Kreises Siegen-Wittgenstein, Vorbereitung eines kostenlosen, unverbindlichen und neutralen Hausbesuches durch kompetente Fachkr\u00e4fte des Kreises Siegen-Wittgenstein<\/li>\n\n\n\n<li>Individuelle Beratung zur Vorsorgevollmacht &nbsp;und Betreuungsverf\u00fcgung<\/li>\n\n\n\n<li>Information \u00fcber die Patientenverf\u00fcgung<\/li>\n<\/ul>\n\n\n\n<p><a href=\"https:\/\/www.freudenberg-stadt.de\/B%C3%BCrgerservice\/Ihr-Anliegen\/Was-erledige-ich-wo-\/index.php?object=tx,2998.1&amp;ModID=9&amp;FID=2998.121.1&amp;NavID=1744.30.1\">Frau Hensel-Gl\u00f6ckner<\/a><\/p>\n\n\n\n<p>02734 43-174<br>02734 43-29174<\/p>\n","protected":false},"excerpt":{"rendered":"<p>Zu allen Themen der Alltagsbew\u00e4ltigung, ob es um Gesundheit, selbstst\u00e4ndiger Lebensf\u00fchrung oder Angebote f\u00fcr Senioren geht, wird hier kompetent beraten oder an zust\u00e4ndige Stellen vermittelt.Insbesondere werden angeboten: Frau Hensel-Gl\u00f6ckner 02734 43-17402734 43-29174<\/p>\n","protected":false},"author":1,"featured_media":0,"parent":0,"menu_order":0,"comment_status":"closed","ping_status":"closed","template":"","meta":{"footnotes":""},"class_list":["post-255","page","type-page","status-publish","hentry"],"_links":{"self":[{"href":"https:\/\/seniorenbeirat-stadt-freudenberg.de\/index.php?rest_route=\/wp\/v2\/pages\/255","targetHints":{"allow":["GET"]}}],"collection":[{"href":"https:\/\/seniorenbeirat-stadt-freudenberg.de\/index.php?rest_route=\/wp\/v2\/pages"}],"about":[{"href":"https:\/\/seniorenbeirat-stadt-freudenberg.de\/index.php?rest_route=\/wp\/v2\/types\/page"}],"author":[{"embeddable":true,"href":"https:\/\/seniorenbeirat-stadt-freudenberg.de\/index.php?rest_route=\/wp\/v2\/users\/1"}],"replies":[{"embeddable":true,"href":"https:\/\/seniorenbeirat-stadt-freudenberg.de\/index.php?rest_route=%2Fwp%2Fv2%2Fcomments&post=255"}],"version-history":[{"count":3,"href":"https:\/\/seniorenbeirat-stadt-freudenberg.de\/index.php?rest_route=\/wp\/v2\/pages\/255\/revisions"}],"predecessor-version":[{"id":412,"href":"https:\/\/seniorenbeirat-stadt-freudenberg.de\/index.php?rest_route=\/wp\/v2\/pages\/255\/revisions\/412"}],"wp:attachment":[{"href":"https:\/\/seniorenbeirat-stadt-freudenberg.de\/index.php?rest_route=%2Fwp%2Fv2%2Fmedia&parent=255"}],"curies":[{"name":"wp","href":"https:\/\/api.w.org\/{rel}","templated":true}]}}